{"id":101,"date":"2021-09-21T08:15:57","date_gmt":"2021-09-21T06:15:57","guid":{"rendered":"https:\/\/btsndrcclementmarot.fr\/?page_id=101"},"modified":"2023-06-29T11:30:12","modified_gmt":"2023-06-29T09:30:12","slug":"partenaires","status":"publish","type":"page","link":"https:\/\/btsndrcclementmarot.fr\/?page_id=101","title":{"rendered":"Partenaires"},"content":{"rendered":"\n<p>Retrouvez nos partenaires du BTS NDRC Cl\u00e9ment Marot pour des stages de qualit\u00e9 en lien avec les comp\u00e9teneces cl\u00e9s attendues pour le dipl\u00f4me !<\/p>\n\n\n\n<div class=\"is-layout-flow wp-block-group\"><div class=\"wp-block-group__inner-container\">\n<div class=\"is-layout-flow wp-block-group\"><div class=\"wp-block-group__inner-container\">\n<div class=\"is-layout-flex wp-container-5 wp-block-columns\">\n<div class=\"is-layout-flow wp-block-column\" style=\"flex-basis:100%\">\n<div class=\"is-layout-flow wp-block-group alignwide\"><div class=\"wp-block-group__inner-container\">\n<p><\/p>\n\n\n\n<figure class=\"is-layout-flex wp-block-gallery-1 wp-block-gallery aligncenter has-nested-images columns-3\">\n<figure class=\"wp-block-image size-large\"><img decoding=\"async\" loading=\"lazy\" width=\"1024\" height=\"1024\" src=\"https:\/\/btsndrcclementmarot.fr\/wp-content\/uploads\/2023\/02\/STANHOME-LOGO-1024x1024.png\" alt=\"STANHOME\" class=\"wp-image-583\" srcset=\"https:\/\/btsndrcclementmarot.fr\/wp-content\/uploads\/2023\/02\/STANHOME-LOGO.png 1024w, https:\/\/btsndrcclementmarot.fr\/wp-content\/uploads\/2023\/02\/STANHOME-LOGO-300x300.png 300w, https:\/\/btsndrcclementmarot.fr\/wp-content\/uploads\/2023\/02\/STANHOME-LOGO-150x150.png 150w, https:\/\/btsndrcclementmarot.fr\/wp-content\/uploads\/2023\/02\/STANHOME-LOGO-768x768.png 768w\" sizes=\"(max-width: 1024px) 100vw, 1024px\" \/><figcaption class=\"wp-element-caption\">Soci\u00e9t\u00e9 Stanhome partenaire du BTS NDRC Cl\u00e9ment Marot<\/figcaption><\/figure>\n\n\n\n<figure class=\"wp-block-image size-large\"><img decoding=\"async\" loading=\"lazy\" width=\"314\" height=\"135\" src=\"https:\/\/btsndrcclementmarot.fr\/wp-content\/uploads\/2023\/01\/THIRIET-1.png\" alt=\"thiriet partenaire bts ndrc clement marot\" class=\"wp-image-421\" srcset=\"https:\/\/btsndrcclementmarot.fr\/wp-content\/uploads\/2023\/01\/THIRIET-1.png 314w, https:\/\/btsndrcclementmarot.fr\/wp-content\/uploads\/2023\/01\/THIRIET-1-300x129.png 300w\" sizes=\"(max-width: 314px) 100vw, 314px\" \/><\/figure>\n\n\n\n<figure class=\"wp-block-image size-large\"><img decoding=\"async\" loading=\"lazy\" width=\"209\" height=\"162\" src=\"https:\/\/btsndrcclementmarot.fr\/wp-content\/uploads\/2023\/01\/TOUT-EN-LOCAL-LOGO.png\" alt=\"Tout en local partenaire bts ndrc clement marot\" class=\"wp-image-440\"\/><\/figure>\n\n\n\n<figure class=\"wp-block-image size-large\"><img decoding=\"async\" loading=\"lazy\" width=\"486\" height=\"158\" src=\"https:\/\/btsndrcclementmarot.fr\/wp-content\/uploads\/2021\/09\/BIOCOOP.png\" alt=\"biocoop partenaire bts ndrc clement marot\" class=\"wp-image-18\" srcset=\"https:\/\/btsndrcclementmarot.fr\/wp-content\/uploads\/2021\/09\/BIOCOOP.png 486w, https:\/\/btsndrcclementmarot.fr\/wp-content\/uploads\/2021\/09\/BIOCOOP-300x98.png 300w\" sizes=\"(max-width: 486px) 100vw, 486px\" \/><\/figure>\n\n\n\n<figure class=\"wp-block-image size-large\"><img decoding=\"async\" loading=\"lazy\" width=\"442\" height=\"130\" src=\"https:\/\/btsndrcclementmarot.fr\/wp-content\/uploads\/2021\/09\/GROUPAMA.png\" alt=\"Groupamapartenaire bts ndrc clement marot\" class=\"wp-image-19\" srcset=\"https:\/\/btsndrcclementmarot.fr\/wp-content\/uploads\/2021\/09\/GROUPAMA.png 442w, https:\/\/btsndrcclementmarot.fr\/wp-content\/uploads\/2021\/09\/GROUPAMA-300x88.png 300w\" sizes=\"(max-width: 442px) 100vw, 442px\" \/><\/figure>\n\n\n\n<figure class=\"wp-block-image size-large\"><img decoding=\"async\" loading=\"lazy\" width=\"458\" height=\"225\" src=\"https:\/\/btsndrcclementmarot.fr\/wp-content\/uploads\/2021\/09\/DUOGRAPH.png\" alt=\"Duo graphic partenaire bts ndrc clement marot\" class=\"wp-image-20\" srcset=\"https:\/\/btsndrcclementmarot.fr\/wp-content\/uploads\/2021\/09\/DUOGRAPH.png 458w, https:\/\/btsndrcclementmarot.fr\/wp-content\/uploads\/2021\/09\/DUOGRAPH-300x147.png 300w\" sizes=\"(max-width: 458px) 100vw, 458px\" \/><\/figure>\n\n\n\n<figure class=\"wp-block-image size-large\"><img decoding=\"async\" loading=\"lazy\" width=\"168\" height=\"162\" src=\"https:\/\/btsndrcclementmarot.fr\/wp-content\/uploads\/2023\/01\/IMMO-46-LOGO-1-1.png\" alt=\"\" class=\"wp-image-444\"\/><\/figure>\n\n\n\n<figure class=\"wp-block-image size-large\"><img decoding=\"async\" loading=\"lazy\" width=\"187\" height=\"169\" src=\"https:\/\/btsndrcclementmarot.fr\/wp-content\/uploads\/2023\/01\/CA-LOGO-1.png\" alt=\"cr\u00e9dit agricole cahors partenaire bts ndrc clement marot\" class=\"wp-image-415\"\/><\/figure>\n\n\n\n<figure class=\"wp-block-image size-large\"><img decoding=\"async\" loading=\"lazy\" width=\"105\" height=\"147\" src=\"https:\/\/btsndrcclementmarot.fr\/wp-content\/uploads\/2023\/01\/VIGNERONS-INDEPENDANTS-LOGO-1.jpg\" alt=\"vigneron ind\u00e9pendant partenaire bts ndrc clement marot\" class=\"wp-image-424\"\/><\/figure>\n\n\n\n<figure class=\"wp-block-image size-large\"><img decoding=\"async\" loading=\"lazy\" width=\"173\" height=\"121\" src=\"https:\/\/btsndrcclementmarot.fr\/wp-content\/uploads\/2023\/01\/DOMAINE-LACOSTE-LOGO-1.jpg\" alt=\"domaine lacoste partenaire bts ndrc clement marot\" class=\"wp-image-416\"\/><\/figure>\n\n\n\n<figure class=\"wp-block-image size-large\"><img decoding=\"async\" loading=\"lazy\" width=\"139\" height=\"140\" src=\"https:\/\/btsndrcclementmarot.fr\/wp-content\/uploads\/2023\/01\/AXA-LOGO-1-1.png\" alt=\"\" class=\"wp-image-441\"\/><\/figure>\n\n\n\n<figure class=\"wp-block-image size-large\"><img decoding=\"async\" loading=\"lazy\" width=\"176\" height=\"176\" src=\"https:\/\/btsndrcclementmarot.fr\/wp-content\/uploads\/2023\/01\/RENAULT-LOGO-1-1.png\" alt=\"alternance Renault occasion Cahors\" class=\"wp-image-442\" srcset=\"https:\/\/btsndrcclementmarot.fr\/wp-content\/uploads\/2023\/01\/RENAULT-LOGO-1-1.png 176w, https:\/\/btsndrcclementmarot.fr\/wp-content\/uploads\/2023\/01\/RENAULT-LOGO-1-1-150x150.png 150w\" sizes=\"(max-width: 176px) 100vw, 176px\" \/><\/figure>\n<\/figure>\n<\/div><\/div>\n<\/div>\n<\/div>\n<\/div><\/div>\n<\/div><\/div>\n\n\n\n<p><\/p>\n","protected":false},"excerpt":{"rendered":"<p>Retrouvez nos partenaires du BTS NDRC Cl\u00e9ment Marot pour des stages de qualit\u00e9 en lien avec les comp\u00e9teneces cl\u00e9s attendues pour le dipl\u00f4me !<\/p>\n","protected":false},"author":1,"featured_media":0,"parent":0,"menu_order":0,"comment_status":"closed","ping_status":"closed","template":"","meta":[],"yoast_head":"<!-- This site is optimized with the Yoast SEO plugin v17.1 - https:\/\/yoast.com\/wordpress\/plugins\/seo\/ -->\n<title>Partenaires - Bts NDRC<\/title>\n<meta name=\"description\" content=\"Retrouvez nos entreprises partenaires du BTS NDRC de Cl\u00e9ment Marot pour des stages commerciaux de qualit\u00e9.\" \/>\n<meta name=\"robots\" content=\"index, follow, max-snippet:-1, max-image-preview:large, max-video-preview:-1\" \/>\n<link rel=\"canonical\" href=\"https:\/\/btsndrcclementmarot.fr\/?page_id=101\" \/>\n<meta property=\"og:locale\" content=\"fr_FR\" \/>\n<meta property=\"og:type\" content=\"article\" \/>\n<meta property=\"og:title\" content=\"Partenaires - Bts NDRC\" \/>\n<meta property=\"og:description\" content=\"Retrouvez nos entreprises partenaires du BTS NDRC de Cl\u00e9ment Marot pour des stages commerciaux de qualit\u00e9.\" \/>\n<meta property=\"og:url\" content=\"https:\/\/btsndrcclementmarot.fr\/?page_id=101\" \/>\n<meta property=\"og:site_name\" content=\"Bts NDRC\" \/>\n<meta property=\"article:modified_time\" content=\"2023-06-29T09:30:12+00:00\" \/>\n<meta property=\"og:image\" content=\"https:\/\/btsndrcclementmarot.fr\/wp-content\/uploads\/2023\/02\/STANHOME-LOGO-1024x1024.png\" \/>\n<meta name=\"twitter:card\" content=\"summary_large_image\" \/>\n<meta name=\"twitter:label1\" content=\"Dur\u00e9e de lecture est.\" \/>\n\t<meta name=\"twitter:data1\" content=\"3 minutes\" \/>\n<script type=\"application\/ld+json\" class=\"yoast-schema-graph\">{\"@context\":\"https:\/\/schema.org\",\"@graph\":[{\"@type\":\"WebSite\",\"@id\":\"https:\/\/btsndrcclementmarot.fr\/#website\",\"url\":\"https:\/\/btsndrcclementmarot.fr\/\",\"name\":\"Bts NDRC\",\"description\":\"Lyc\\u00e9e Cl\\u00e9ment Marot\",\"potentialAction\":[{\"@type\":\"SearchAction\",\"target\":{\"@type\":\"EntryPoint\",\"urlTemplate\":\"https:\/\/btsndrcclementmarot.fr\/?s={search_term_string}\"},\"query-input\":\"required name=search_term_string\"}],\"inLanguage\":\"fr-FR\"},{\"@type\":\"ImageObject\",\"@id\":\"https:\/\/btsndrcclementmarot.fr\/?page_id=101#primaryimage\",\"inLanguage\":\"fr-FR\",\"url\":\"https:\/\/btsndrcclementmarot.fr\/wp-content\/uploads\/2023\/02\/STANHOME-LOGO.png\",\"contentUrl\":\"https:\/\/btsndrcclementmarot.fr\/wp-content\/uploads\/2023\/02\/STANHOME-LOGO.png\",\"width\":1024,\"height\":1024,\"caption\":\"Soci\\u00e9t\\u00e9 Stanhome partenaire du BTS NDRC Cl\\u00e9ment Marot\"},{\"@type\":\"WebPage\",\"@id\":\"https:\/\/btsndrcclementmarot.fr\/?page_id=101#webpage\",\"url\":\"https:\/\/btsndrcclementmarot.fr\/?page_id=101\",\"name\":\"Partenaires - Bts NDRC\",\"isPartOf\":{\"@id\":\"https:\/\/btsndrcclementmarot.fr\/#website\"},\"primaryImageOfPage\":{\"@id\":\"https:\/\/btsndrcclementmarot.fr\/?page_id=101#primaryimage\"},\"datePublished\":\"2021-09-21T06:15:57+00:00\",\"dateModified\":\"2023-06-29T09:30:12+00:00\",\"description\":\"Retrouvez nos entreprises partenaires du BTS NDRC de Cl\\u00e9ment Marot pour des stages commerciaux de qualit\\u00e9.\",\"breadcrumb\":{\"@id\":\"https:\/\/btsndrcclementmarot.fr\/?page_id=101#breadcrumb\"},\"inLanguage\":\"fr-FR\",\"potentialAction\":[{\"@type\":\"ReadAction\",\"target\":[\"https:\/\/btsndrcclementmarot.fr\/?page_id=101\"]}]},{\"@type\":\"BreadcrumbList\",\"@id\":\"https:\/\/btsndrcclementmarot.fr\/?page_id=101#breadcrumb\",\"itemListElement\":[{\"@type\":\"ListItem\",\"position\":1,\"name\":\"Accueil\",\"item\":\"https:\/\/btsndrcclementmarot.fr\/\"},{\"@type\":\"ListItem\",\"position\":2,\"name\":\"Partenaires\"}]}]}<\/script>\n<!-- \/ Yoast SEO plugin. -->","yoast_head_json":{"title":"Partenaires - Bts NDRC","description":"Retrouvez nos entreprises partenaires du BTS NDRC de Cl\u00e9ment Marot pour des stages commerciaux de qualit\u00e9.","robots":{"index":"index","follow":"follow","max-snippet":"max-snippet:-1","max-image-preview":"max-image-preview:large","max-video-preview":"max-video-preview:-1"},"canonical":"https:\/\/btsndrcclementmarot.fr\/?page_id=101","og_locale":"fr_FR","og_type":"article","og_title":"Partenaires - Bts NDRC","og_description":"Retrouvez nos entreprises partenaires du BTS NDRC de Cl\u00e9ment Marot pour des stages commerciaux de qualit\u00e9.","og_url":"https:\/\/btsndrcclementmarot.fr\/?page_id=101","og_site_name":"Bts NDRC","article_modified_time":"2023-06-29T09:30:12+00:00","og_image":[{"url":"https:\/\/btsndrcclementmarot.fr\/wp-content\/uploads\/2023\/02\/STANHOME-LOGO-1024x1024.png"}],"twitter_card":"summary_large_image","twitter_misc":{"Dur\u00e9e de lecture est.":"3 minutes"},"schema":{"@context":"https:\/\/schema.org","@graph":[{"@type":"WebSite","@id":"https:\/\/btsndrcclementmarot.fr\/#website","url":"https:\/\/btsndrcclementmarot.fr\/","name":"Bts NDRC","description":"Lyc\u00e9e Cl\u00e9ment Marot","potentialAction":[{"@type":"SearchAction","target":{"@type":"EntryPoint","urlTemplate":"https:\/\/btsndrcclementmarot.fr\/?s={search_term_string}"},"query-input":"required name=search_term_string"}],"inLanguage":"fr-FR"},{"@type":"ImageObject","@id":"https:\/\/btsndrcclementmarot.fr\/?page_id=101#primaryimage","inLanguage":"fr-FR","url":"https:\/\/btsndrcclementmarot.fr\/wp-content\/uploads\/2023\/02\/STANHOME-LOGO.png","contentUrl":"https:\/\/btsndrcclementmarot.fr\/wp-content\/uploads\/2023\/02\/STANHOME-LOGO.png","width":1024,"height":1024,"caption":"Soci\u00e9t\u00e9 Stanhome partenaire du BTS NDRC Cl\u00e9ment Marot"},{"@type":"WebPage","@id":"https:\/\/btsndrcclementmarot.fr\/?page_id=101#webpage","url":"https:\/\/btsndrcclementmarot.fr\/?page_id=101","name":"Partenaires - Bts NDRC","isPartOf":{"@id":"https:\/\/btsndrcclementmarot.fr\/#website"},"primaryImageOfPage":{"@id":"https:\/\/btsndrcclementmarot.fr\/?page_id=101#primaryimage"},"datePublished":"2021-09-21T06:15:57+00:00","dateModified":"2023-06-29T09:30:12+00:00","description":"Retrouvez nos entreprises partenaires du BTS NDRC de Cl\u00e9ment Marot pour des stages commerciaux de qualit\u00e9.","breadcrumb":{"@id":"https:\/\/btsndrcclementmarot.fr\/?page_id=101#breadcrumb"},"inLanguage":"fr-FR","potentialAction":[{"@type":"ReadAction","target":["https:\/\/btsndrcclementmarot.fr\/?page_id=101"]}]},{"@type":"BreadcrumbList","@id":"https:\/\/btsndrcclementmarot.fr\/?page_id=101#breadcrumb","itemListElement":[{"@type":"ListItem","position":1,"name":"Accueil","item":"https:\/\/btsndrcclementmarot.fr\/"},{"@type":"ListItem","position":2,"name":"Partenaires"}]}]}},"_links":{"self":[{"href":"https:\/\/btsndrcclementmarot.fr\/index.php?rest_route=\/wp\/v2\/pages\/101"}],"collection":[{"href":"https:\/\/btsndrcclementmarot.fr\/index.php?rest_route=\/wp\/v2\/pages"}],"about":[{"href":"https:\/\/btsndrcclementmarot.fr\/index.php?rest_route=\/wp\/v2\/types\/page"}],"author":[{"embeddable":true,"href":"https:\/\/btsndrcclementmarot.fr\/index.php?rest_route=\/wp\/v2\/users\/1"}],"replies":[{"embeddable":true,"href":"https:\/\/btsndrcclementmarot.fr\/index.php?rest_route=%2Fwp%2Fv2%2Fcomments&post=101"}],"version-history":[{"count":6,"href":"https:\/\/btsndrcclementmarot.fr\/index.php?rest_route=\/wp\/v2\/pages\/101\/revisions"}],"predecessor-version":[{"id":725,"href":"https:\/\/btsndrcclementmarot.fr\/index.php?rest_route=\/wp\/v2\/pages\/101\/revisions\/725"}],"wp:attachment":[{"href":"https:\/\/btsndrcclementmarot.fr\/index.php?rest_route=%2Fwp%2Fv2%2Fmedia&parent=101"}],"curies":[{"name":"wp","href":"https:\/\/api.w.org\/{rel}","templated":true}]}}