{"id":103,"date":"2021-09-21T08:16:15","date_gmt":"2021-09-21T06:16:15","guid":{"rendered":"https:\/\/btsndrcclementmarot.fr\/?page_id=103"},"modified":"2023-03-27T18:24:06","modified_gmt":"2023-03-27T16:24:06","slug":"contact-formulaire-bts-ndrc-clement-marot","status":"publish","type":"page","link":"https:\/\/btsndrcclementmarot.fr\/?page_id=103","title":{"rendered":"Contact"},"content":{"rendered":"\n<h4 class=\"has-text-align-center\" style=\"text-transform:lowercase\">une question, besoin d&rsquo;une r\u00e9ponse, demande d&rsquo;immersion &#8230; contactez-nous !<\/h4>\n\n\n<div class=\"wpforms-container wpforms-container-full\" id=\"wpforms-139\"><form id=\"wpforms-form-139\" class=\"wpforms-validate wpforms-form wpforms-ajax-form\" data-formid=\"139\" method=\"post\" enctype=\"multipart\/form-data\" action=\"\/index.php?rest_route=%2Fwp%2Fv2%2Fpages%2F103\" data-token=\"ba886dc63f0f4479b92164e2db477e54\"><noscript class=\"wpforms-error-noscript\">Veuillez activer JavaScript dans votre navigateur pour remplir ce formulaire.<\/noscript><div class=\"wpforms-field-container\"><div id=\"wpforms-139-field_0-container\" class=\"wpforms-field wpforms-field-name\" data-field-id=\"0\"><label class=\"wpforms-field-label\" for=\"wpforms-139-field_0\">Identification <span class=\"wpforms-required-label\">*<\/span><\/label><div class=\"wpforms-field-row wpforms-field-medium\"><div class=\"wpforms-field-row-block wpforms-first wpforms-one-half\"><input type=\"text\" id=\"wpforms-139-field_0\" class=\"wpforms-field-name-first wpforms-field-required\" name=\"wpforms[fields][0][first]\" required><label for=\"wpforms-139-field_0\" class=\"wpforms-field-sublabel after \">Pr\u00e9nom<\/label><\/div><div class=\"wpforms-field-row-block wpforms-one-half\"><input type=\"text\" id=\"wpforms-139-field_0-last\" class=\"wpforms-field-name-last wpforms-field-required\" name=\"wpforms[fields][0][last]\" required><label for=\"wpforms-139-field_0-last\" class=\"wpforms-field-sublabel after \">Nom<\/label><\/div><\/div><\/div><div id=\"wpforms-139-field_1-container\" class=\"wpforms-field wpforms-field-email\" data-field-id=\"1\"><label class=\"wpforms-field-label\" for=\"wpforms-139-field_1\">Email <span class=\"wpforms-required-label\">*<\/span><\/label><input type=\"email\" id=\"wpforms-139-field_1\" class=\"wpforms-field-medium wpforms-field-required\" name=\"wpforms[fields][1]\" required><\/div><div id=\"wpforms-139-field_2-container\" class=\"wpforms-field wpforms-field-textarea\" data-field-id=\"2\"><label class=\"wpforms-field-label\" for=\"wpforms-139-field_2\">Votre message <span class=\"wpforms-required-label\">*<\/span><\/label><textarea id=\"wpforms-139-field_2\" class=\"wpforms-field-medium wpforms-field-required\" name=\"wpforms[fields][2]\" required><\/textarea><\/div><div id=\"wpforms-139-field_3-container\" class=\"wpforms-field wpforms-field-checkbox\" data-field-id=\"3\"><label class=\"wpforms-field-label\" for=\"wpforms-139-field_3\">Cases \u00e0 cocher<\/label><ul id=\"wpforms-139-field_3\"><li class=\"choice-1 depth-1\"><input type=\"checkbox\" id=\"wpforms-139-field_3_1\" name=\"wpforms[fields][3][]\" value=\"Demander une immersion\"  ><label class=\"wpforms-field-label-inline\" for=\"wpforms-139-field_3_1\">Demander une immersion<\/label><\/li><li class=\"choice-2 depth-1\"><input type=\"checkbox\" id=\"wpforms-139-field_3_2\" name=\"wpforms[fields][3][]\" value=\"Recevoir une documentation\"  ><label class=\"wpforms-field-label-inline\" for=\"wpforms-139-field_3_2\">Recevoir une documentation<\/label><\/li><li class=\"choice-3 depth-1\"><input type=\"checkbox\" id=\"wpforms-139-field_3_3\" name=\"wpforms[fields][3][]\" value=\"D\u00e9poser une candidature\"  ><label class=\"wpforms-field-label-inline\" for=\"wpforms-139-field_3_3\">D\u00e9poser une candidature<\/label><\/li><\/ul><\/div><\/div><div class=\"wpforms-submit-container\"><input type=\"hidden\" name=\"wpforms[id]\" value=\"139\"><input type=\"hidden\" name=\"wpforms[author]\" value=\"1\"><button type=\"submit\" name=\"wpforms[submit]\" id=\"wpforms-submit-139\" class=\"wpforms-submit\" data-alt-text=\"en cours d&#039;envoi\" data-submit-text=\"Envoi\" aria-live=\"assertive\" value=\"wpforms-submit\">Envoi<\/button><img src=\"https:\/\/btsndrcclementmarot.fr\/wp-content\/plugins\/wpforms-lite\/assets\/images\/submit-spin.svg\" class=\"wpforms-submit-spinner\" style=\"display: none;\" width=\"26\" height=\"26\" alt=\"Chargement en cours\"><\/div><\/form><\/div>  <!-- .wpforms-container -->\n\n\n<div class=\"is-layout-flex wp-container-3 wp-block-columns\">\n<div class=\"is-layout-flow wp-block-column\" style=\"flex-basis:33.33%\">\n<figure class=\"wp-block-image size-large\"><img decoding=\"async\" loading=\"lazy\" width=\"512\" height=\"512\" src=\"https:\/\/btsndrcclementmarot.fr\/wp-content\/uploads\/2021\/09\/cropped-cropped-Logo-BTS-NDRC.jpg\" alt=\"logo BTS NDRC Cl\u00e9ment Marot\" class=\"wp-image-156\" srcset=\"https:\/\/btsndrcclementmarot.fr\/wp-content\/uploads\/2021\/09\/cropped-cropped-Logo-BTS-NDRC.jpg 512w, https:\/\/btsndrcclementmarot.fr\/wp-content\/uploads\/2021\/09\/cropped-cropped-Logo-BTS-NDRC-300x300.jpg 300w, https:\/\/btsndrcclementmarot.fr\/wp-content\/uploads\/2021\/09\/cropped-cropped-Logo-BTS-NDRC-150x150.jpg 150w, https:\/\/btsndrcclementmarot.fr\/wp-content\/uploads\/2021\/09\/cropped-cropped-Logo-BTS-NDRC-270x270.jpg 270w, https:\/\/btsndrcclementmarot.fr\/wp-content\/uploads\/2021\/09\/cropped-cropped-Logo-BTS-NDRC-192x192.jpg 192w, https:\/\/btsndrcclementmarot.fr\/wp-content\/uploads\/2021\/09\/cropped-cropped-Logo-BTS-NDRC-180x180.jpg 180w, https:\/\/btsndrcclementmarot.fr\/wp-content\/uploads\/2021\/09\/cropped-cropped-Logo-BTS-NDRC-32x32.jpg 32w\" sizes=\"(max-width: 512px) 100vw, 512px\" \/><figcaption class=\"wp-element-caption\">BTS NDRC Cl\u00e9ment Marot<\/figcaption><\/figure>\n<\/div>\n\n\n\n<div class=\"is-layout-flow wp-block-column\" style=\"flex-basis:66.66%\">\n<p>Merci de nous avoir contact\u00e9, \u00e0 tr\u00e8s vite.<\/p>\n<\/div>\n<\/div>\n","protected":false},"excerpt":{"rendered":"<p>une question, besoin d&rsquo;une r\u00e9ponse, demande d&rsquo;immersion &#8230; contactez-nous ! Merci de nous avoir contact\u00e9, \u00e0 tr\u00e8s vite.<\/p>\n","protected":false},"author":1,"featured_media":0,"parent":0,"menu_order":0,"comment_status":"closed","ping_status":"closed","template":"","meta":[],"yoast_head":"<!-- This site is optimized with the Yoast SEO plugin v17.1 - https:\/\/yoast.com\/wordpress\/plugins\/seo\/ -->\n<title>Contact - Bts NDRC<\/title>\n<meta name=\"description\" content=\"Contactez-nous ! Un responsable du BTS NDRC Cl\u00e9ment Marot vous r\u00e9pond.\" \/>\n<meta name=\"robots\" content=\"index, follow, max-snippet:-1, max-image-preview:large, max-video-preview:-1\" \/>\n<link rel=\"canonical\" href=\"https:\/\/btsndrcclementmarot.fr\/?page_id=103\" \/>\n<meta property=\"og:locale\" content=\"fr_FR\" \/>\n<meta property=\"og:type\" content=\"article\" \/>\n<meta property=\"og:title\" content=\"Contact - Bts NDRC\" \/>\n<meta property=\"og:description\" content=\"Contactez-nous ! Un responsable du BTS NDRC Cl\u00e9ment Marot vous r\u00e9pond.\" \/>\n<meta property=\"og:url\" content=\"https:\/\/btsndrcclementmarot.fr\/?page_id=103\" \/>\n<meta property=\"og:site_name\" content=\"Bts NDRC\" \/>\n<meta property=\"article:modified_time\" content=\"2023-03-27T16:24:06+00:00\" \/>\n<meta property=\"og:image\" content=\"https:\/\/btsndrcclementmarot.fr\/wp-content\/uploads\/2021\/09\/cropped-cropped-Logo-BTS-NDRC.jpg\" \/>\n<meta name=\"twitter:card\" content=\"summary_large_image\" \/>\n<meta name=\"twitter:label1\" content=\"Dur\u00e9e de lecture est.\" \/>\n\t<meta name=\"twitter:data1\" content=\"1 minute\" \/>\n<script type=\"application\/ld+json\" class=\"yoast-schema-graph\">{\"@context\":\"https:\/\/schema.org\",\"@graph\":[{\"@type\":\"WebSite\",\"@id\":\"https:\/\/btsndrcclementmarot.fr\/#website\",\"url\":\"https:\/\/btsndrcclementmarot.fr\/\",\"name\":\"Bts NDRC\",\"description\":\"Lyc\\u00e9e Cl\\u00e9ment Marot\",\"potentialAction\":[{\"@type\":\"SearchAction\",\"target\":{\"@type\":\"EntryPoint\",\"urlTemplate\":\"https:\/\/btsndrcclementmarot.fr\/?s={search_term_string}\"},\"query-input\":\"required name=search_term_string\"}],\"inLanguage\":\"fr-FR\"},{\"@type\":\"ImageObject\",\"@id\":\"https:\/\/btsndrcclementmarot.fr\/?page_id=103#primaryimage\",\"inLanguage\":\"fr-FR\",\"url\":\"https:\/\/btsndrcclementmarot.fr\/wp-content\/uploads\/2021\/09\/cropped-cropped-Logo-BTS-NDRC.jpg\",\"contentUrl\":\"https:\/\/btsndrcclementmarot.fr\/wp-content\/uploads\/2021\/09\/cropped-cropped-Logo-BTS-NDRC.jpg\",\"width\":512,\"height\":512,\"caption\":\"BTS NDRC Cl\\u00e9ment Marot\"},{\"@type\":\"WebPage\",\"@id\":\"https:\/\/btsndrcclementmarot.fr\/?page_id=103#webpage\",\"url\":\"https:\/\/btsndrcclementmarot.fr\/?page_id=103\",\"name\":\"Contact - Bts NDRC\",\"isPartOf\":{\"@id\":\"https:\/\/btsndrcclementmarot.fr\/#website\"},\"primaryImageOfPage\":{\"@id\":\"https:\/\/btsndrcclementmarot.fr\/?page_id=103#primaryimage\"},\"datePublished\":\"2021-09-21T06:16:15+00:00\",\"dateModified\":\"2023-03-27T16:24:06+00:00\",\"description\":\"Contactez-nous ! Un responsable du BTS NDRC Cl\\u00e9ment Marot vous r\\u00e9pond.\",\"breadcrumb\":{\"@id\":\"https:\/\/btsndrcclementmarot.fr\/?page_id=103#breadcrumb\"},\"inLanguage\":\"fr-FR\",\"potentialAction\":[{\"@type\":\"ReadAction\",\"target\":[\"https:\/\/btsndrcclementmarot.fr\/?page_id=103\"]}]},{\"@type\":\"BreadcrumbList\",\"@id\":\"https:\/\/btsndrcclementmarot.fr\/?page_id=103#breadcrumb\",\"itemListElement\":[{\"@type\":\"ListItem\",\"position\":1,\"name\":\"Accueil\",\"item\":\"https:\/\/btsndrcclementmarot.fr\/\"},{\"@type\":\"ListItem\",\"position\":2,\"name\":\"Contact\"}]}]}<\/script>\n<!-- \/ Yoast SEO plugin. -->","yoast_head_json":{"title":"Contact - Bts NDRC","description":"Contactez-nous ! Un responsable du BTS NDRC Cl\u00e9ment Marot vous r\u00e9pond.","robots":{"index":"index","follow":"follow","max-snippet":"max-snippet:-1","max-image-preview":"max-image-preview:large","max-video-preview":"max-video-preview:-1"},"canonical":"https:\/\/btsndrcclementmarot.fr\/?page_id=103","og_locale":"fr_FR","og_type":"article","og_title":"Contact - Bts NDRC","og_description":"Contactez-nous ! Un responsable du BTS NDRC Cl\u00e9ment Marot vous r\u00e9pond.","og_url":"https:\/\/btsndrcclementmarot.fr\/?page_id=103","og_site_name":"Bts NDRC","article_modified_time":"2023-03-27T16:24:06+00:00","og_image":[{"url":"https:\/\/btsndrcclementmarot.fr\/wp-content\/uploads\/2021\/09\/cropped-cropped-Logo-BTS-NDRC.jpg"}],"twitter_card":"summary_large_image","twitter_misc":{"Dur\u00e9e de lecture est.":"1 minute"},"schema":{"@context":"https:\/\/schema.org","@graph":[{"@type":"WebSite","@id":"https:\/\/btsndrcclementmarot.fr\/#website","url":"https:\/\/btsndrcclementmarot.fr\/","name":"Bts NDRC","description":"Lyc\u00e9e Cl\u00e9ment Marot","potentialAction":[{"@type":"SearchAction","target":{"@type":"EntryPoint","urlTemplate":"https:\/\/btsndrcclementmarot.fr\/?s={search_term_string}"},"query-input":"required name=search_term_string"}],"inLanguage":"fr-FR"},{"@type":"ImageObject","@id":"https:\/\/btsndrcclementmarot.fr\/?page_id=103#primaryimage","inLanguage":"fr-FR","url":"https:\/\/btsndrcclementmarot.fr\/wp-content\/uploads\/2021\/09\/cropped-cropped-Logo-BTS-NDRC.jpg","contentUrl":"https:\/\/btsndrcclementmarot.fr\/wp-content\/uploads\/2021\/09\/cropped-cropped-Logo-BTS-NDRC.jpg","width":512,"height":512,"caption":"BTS NDRC Cl\u00e9ment Marot"},{"@type":"WebPage","@id":"https:\/\/btsndrcclementmarot.fr\/?page_id=103#webpage","url":"https:\/\/btsndrcclementmarot.fr\/?page_id=103","name":"Contact - Bts NDRC","isPartOf":{"@id":"https:\/\/btsndrcclementmarot.fr\/#website"},"primaryImageOfPage":{"@id":"https:\/\/btsndrcclementmarot.fr\/?page_id=103#primaryimage"},"datePublished":"2021-09-21T06:16:15+00:00","dateModified":"2023-03-27T16:24:06+00:00","description":"Contactez-nous ! Un responsable du BTS NDRC Cl\u00e9ment Marot vous r\u00e9pond.","breadcrumb":{"@id":"https:\/\/btsndrcclementmarot.fr\/?page_id=103#breadcrumb"},"inLanguage":"fr-FR","potentialAction":[{"@type":"ReadAction","target":["https:\/\/btsndrcclementmarot.fr\/?page_id=103"]}]},{"@type":"BreadcrumbList","@id":"https:\/\/btsndrcclementmarot.fr\/?page_id=103#breadcrumb","itemListElement":[{"@type":"ListItem","position":1,"name":"Accueil","item":"https:\/\/btsndrcclementmarot.fr\/"},{"@type":"ListItem","position":2,"name":"Contact"}]}]}},"_links":{"self":[{"href":"https:\/\/btsndrcclementmarot.fr\/index.php?rest_route=\/wp\/v2\/pages\/103"}],"collection":[{"href":"https:\/\/btsndrcclementmarot.fr\/index.php?rest_route=\/wp\/v2\/pages"}],"about":[{"href":"https:\/\/btsndrcclementmarot.fr\/index.php?rest_route=\/wp\/v2\/types\/page"}],"author":[{"embeddable":true,"href":"https:\/\/btsndrcclementmarot.fr\/index.php?rest_route=\/wp\/v2\/users\/1"}],"replies":[{"embeddable":true,"href":"https:\/\/btsndrcclementmarot.fr\/index.php?rest_route=%2Fwp%2Fv2%2Fcomments&post=103"}],"version-history":[{"count":7,"href":"https:\/\/btsndrcclementmarot.fr\/index.php?rest_route=\/wp\/v2\/pages\/103\/revisions"}],"predecessor-version":[{"id":727,"href":"https:\/\/btsndrcclementmarot.fr\/index.php?rest_route=\/wp\/v2\/pages\/103\/revisions\/727"}],"wp:attachment":[{"href":"https:\/\/btsndrcclementmarot.fr\/index.php?rest_route=%2Fwp%2Fv2%2Fmedia&parent=103"}],"curies":[{"name":"wp","href":"https:\/\/api.w.org\/{rel}","templated":true}]}}