{"id":130,"date":"2021-09-21T08:36:42","date_gmt":"2021-09-21T06:36:42","guid":{"rendered":"https:\/\/btsndrcclementmarot.fr\/?page_id=130"},"modified":"2023-03-27T17:46:48","modified_gmt":"2023-03-27T15:46:48","slug":"objectifs-du-diplome-et-niveau-dadmission","status":"publish","type":"page","link":"https:\/\/btsndrcclementmarot.fr\/?page_id=130","title":{"rendered":"Objectifs du dipl\u00f4me et d\u00e9bouch\u00e9s"},"content":{"rendered":"\n<h2><mark style=\"background-color:rgba(0, 0, 0, 0)\" class=\"has-inline-color has-accent-color\"><em>Poursuivre ses \u00e9tudes<\/em><\/mark><\/h2>\n\n\n\n<p>\u00c0 la suite d&rsquo;un BTS NDRC, l&rsquo;\u00e9tudiant a le choix de poursuivre ses \u00e9tudes en BAC +3.  Il peut se diriger vers une licence professionnelle, vers une licence LMD (L3 en \u00e9conomie-gestion ou en sciences de gestion), ou aller en \u00e9cole sup\u00e9rieure de commerce ou de gestion ou en \u00e9cole sp\u00e9cialis\u00e9e&nbsp;en passant par des admissions parall\u00e8les.<\/p>\n\n\n\n<p>\u00c0 la suite d&rsquo;un BAC +3, il est tout \u00e0 fait possible d&rsquo;acc\u00e9der \u00e0 un master.<\/p>\n\n\n\n<h2><em><span class=\"has-inline-color has-accent-color\">Entrer dans la vie professionnelle<\/span><\/em><\/h2>\n\n\n\n<p>Lisez nos <a href=\"https:\/\/btsndrcclementmarot.fr\/?p=633\">t\u00e9moignages<\/a> !<\/p>\n","protected":false},"excerpt":{"rendered":"<p>Poursuivre ses \u00e9tudes \u00c0 la suite d&rsquo;un BTS NDRC, l&rsquo;\u00e9tudiant a le choix de poursuivre ses \u00e9tudes en BAC +3. Il peut se diriger vers une licence professionnelle, vers une licence LMD (L3 en \u00e9conomie-gestion ou en sciences de gestion), ou aller en \u00e9cole sup\u00e9rieure de commerce ou de gestion ou en \u00e9cole sp\u00e9cialis\u00e9e&nbsp;en passant [&hellip;]<\/p>\n","protected":false},"author":1,"featured_media":0,"parent":0,"menu_order":0,"comment_status":"closed","ping_status":"closed","template":"","meta":[],"yoast_head":"<!-- This site is optimized with the Yoast SEO plugin v17.1 - https:\/\/yoast.com\/wordpress\/plugins\/seo\/ -->\n<title>Objectifs du dipl\u00f4me et d\u00e9bouch\u00e9s - Bts NDRC<\/title>\n<meta name=\"robots\" content=\"index, follow, max-snippet:-1, max-image-preview:large, max-video-preview:-1\" \/>\n<link rel=\"canonical\" href=\"https:\/\/btsndrcclementmarot.fr\/?page_id=130\" \/>\n<meta property=\"og:locale\" content=\"fr_FR\" \/>\n<meta property=\"og:type\" content=\"article\" \/>\n<meta property=\"og:title\" content=\"Objectifs du dipl\u00f4me et d\u00e9bouch\u00e9s - Bts NDRC\" \/>\n<meta property=\"og:description\" content=\"Poursuivre ses \u00e9tudes \u00c0 la suite d&rsquo;un BTS NDRC, l&rsquo;\u00e9tudiant a le choix de poursuivre ses \u00e9tudes en BAC +3. Il peut se diriger vers une licence professionnelle, vers une licence LMD (L3 en \u00e9conomie-gestion ou en sciences de gestion), ou aller en \u00e9cole sup\u00e9rieure de commerce ou de gestion ou en \u00e9cole sp\u00e9cialis\u00e9e&nbsp;en passant [&hellip;]\" \/>\n<meta property=\"og:url\" content=\"https:\/\/btsndrcclementmarot.fr\/?page_id=130\" \/>\n<meta property=\"og:site_name\" content=\"Bts NDRC\" \/>\n<meta property=\"article:modified_time\" content=\"2023-03-27T15:46:48+00:00\" \/>\n<meta name=\"twitter:card\" content=\"summary_large_image\" \/>\n<meta name=\"twitter:label1\" content=\"Dur\u00e9e de lecture est.\" \/>\n\t<meta name=\"twitter:data1\" content=\"1 minute\" \/>\n<script type=\"application\/ld+json\" class=\"yoast-schema-graph\">{\"@context\":\"https:\/\/schema.org\",\"@graph\":[{\"@type\":\"WebSite\",\"@id\":\"https:\/\/btsndrcclementmarot.fr\/#website\",\"url\":\"https:\/\/btsndrcclementmarot.fr\/\",\"name\":\"Bts NDRC\",\"description\":\"Lyc\\u00e9e Cl\\u00e9ment Marot\",\"potentialAction\":[{\"@type\":\"SearchAction\",\"target\":{\"@type\":\"EntryPoint\",\"urlTemplate\":\"https:\/\/btsndrcclementmarot.fr\/?s={search_term_string}\"},\"query-input\":\"required name=search_term_string\"}],\"inLanguage\":\"fr-FR\"},{\"@type\":\"WebPage\",\"@id\":\"https:\/\/btsndrcclementmarot.fr\/?page_id=130#webpage\",\"url\":\"https:\/\/btsndrcclementmarot.fr\/?page_id=130\",\"name\":\"Objectifs du dipl\\u00f4me et d\\u00e9bouch\\u00e9s - Bts NDRC\",\"isPartOf\":{\"@id\":\"https:\/\/btsndrcclementmarot.fr\/#website\"},\"datePublished\":\"2021-09-21T06:36:42+00:00\",\"dateModified\":\"2023-03-27T15:46:48+00:00\",\"breadcrumb\":{\"@id\":\"https:\/\/btsndrcclementmarot.fr\/?page_id=130#breadcrumb\"},\"inLanguage\":\"fr-FR\",\"potentialAction\":[{\"@type\":\"ReadAction\",\"target\":[\"https:\/\/btsndrcclementmarot.fr\/?page_id=130\"]}]},{\"@type\":\"BreadcrumbList\",\"@id\":\"https:\/\/btsndrcclementmarot.fr\/?page_id=130#breadcrumb\",\"itemListElement\":[{\"@type\":\"ListItem\",\"position\":1,\"name\":\"Accueil\",\"item\":\"https:\/\/btsndrcclementmarot.fr\/\"},{\"@type\":\"ListItem\",\"position\":2,\"name\":\"Objectifs du dipl\\u00f4me et d\\u00e9bouch\\u00e9s\"}]}]}<\/script>\n<!-- \/ Yoast SEO plugin. -->","yoast_head_json":{"title":"Objectifs du dipl\u00f4me et d\u00e9bouch\u00e9s - Bts NDRC","robots":{"index":"index","follow":"follow","max-snippet":"max-snippet:-1","max-image-preview":"max-image-preview:large","max-video-preview":"max-video-preview:-1"},"canonical":"https:\/\/btsndrcclementmarot.fr\/?page_id=130","og_locale":"fr_FR","og_type":"article","og_title":"Objectifs du dipl\u00f4me et d\u00e9bouch\u00e9s - Bts NDRC","og_description":"Poursuivre ses \u00e9tudes \u00c0 la suite d&rsquo;un BTS NDRC, l&rsquo;\u00e9tudiant a le choix de poursuivre ses \u00e9tudes en BAC +3. Il peut se diriger vers une licence professionnelle, vers une licence LMD (L3 en \u00e9conomie-gestion ou en sciences de gestion), ou aller en \u00e9cole sup\u00e9rieure de commerce ou de gestion ou en \u00e9cole sp\u00e9cialis\u00e9e&nbsp;en passant [&hellip;]","og_url":"https:\/\/btsndrcclementmarot.fr\/?page_id=130","og_site_name":"Bts NDRC","article_modified_time":"2023-03-27T15:46:48+00:00","twitter_card":"summary_large_image","twitter_misc":{"Dur\u00e9e de lecture est.":"1 minute"},"schema":{"@context":"https:\/\/schema.org","@graph":[{"@type":"WebSite","@id":"https:\/\/btsndrcclementmarot.fr\/#website","url":"https:\/\/btsndrcclementmarot.fr\/","name":"Bts NDRC","description":"Lyc\u00e9e Cl\u00e9ment Marot","potentialAction":[{"@type":"SearchAction","target":{"@type":"EntryPoint","urlTemplate":"https:\/\/btsndrcclementmarot.fr\/?s={search_term_string}"},"query-input":"required name=search_term_string"}],"inLanguage":"fr-FR"},{"@type":"WebPage","@id":"https:\/\/btsndrcclementmarot.fr\/?page_id=130#webpage","url":"https:\/\/btsndrcclementmarot.fr\/?page_id=130","name":"Objectifs du dipl\u00f4me et d\u00e9bouch\u00e9s - Bts NDRC","isPartOf":{"@id":"https:\/\/btsndrcclementmarot.fr\/#website"},"datePublished":"2021-09-21T06:36:42+00:00","dateModified":"2023-03-27T15:46:48+00:00","breadcrumb":{"@id":"https:\/\/btsndrcclementmarot.fr\/?page_id=130#breadcrumb"},"inLanguage":"fr-FR","potentialAction":[{"@type":"ReadAction","target":["https:\/\/btsndrcclementmarot.fr\/?page_id=130"]}]},{"@type":"BreadcrumbList","@id":"https:\/\/btsndrcclementmarot.fr\/?page_id=130#breadcrumb","itemListElement":[{"@type":"ListItem","position":1,"name":"Accueil","item":"https:\/\/btsndrcclementmarot.fr\/"},{"@type":"ListItem","position":2,"name":"Objectifs du dipl\u00f4me et d\u00e9bouch\u00e9s"}]}]}},"_links":{"self":[{"href":"https:\/\/btsndrcclementmarot.fr\/index.php?rest_route=\/wp\/v2\/pages\/130"}],"collection":[{"href":"https:\/\/btsndrcclementmarot.fr\/index.php?rest_route=\/wp\/v2\/pages"}],"about":[{"href":"https:\/\/btsndrcclementmarot.fr\/index.php?rest_route=\/wp\/v2\/types\/page"}],"author":[{"embeddable":true,"href":"https:\/\/btsndrcclementmarot.fr\/index.php?rest_route=\/wp\/v2\/users\/1"}],"replies":[{"embeddable":true,"href":"https:\/\/btsndrcclementmarot.fr\/index.php?rest_route=%2Fwp%2Fv2%2Fcomments&post=130"}],"version-history":[{"count":4,"href":"https:\/\/btsndrcclementmarot.fr\/index.php?rest_route=\/wp\/v2\/pages\/130\/revisions"}],"predecessor-version":[{"id":658,"href":"https:\/\/btsndrcclementmarot.fr\/index.php?rest_route=\/wp\/v2\/pages\/130\/revisions\/658"}],"wp:attachment":[{"href":"https:\/\/btsndrcclementmarot.fr\/index.php?rest_route=%2Fwp%2Fv2%2Fmedia&parent=130"}],"curies":[{"name":"wp","href":"https:\/\/api.w.org\/{rel}","templated":true}]}}