{"id":172,"date":"2021-09-21T09:28:12","date_gmt":"2021-09-21T07:28:12","guid":{"rendered":"https:\/\/btsndrcclementmarot.fr\/?page_id=172"},"modified":"2023-06-29T11:20:44","modified_gmt":"2023-06-29T09:20:44","slug":"temoignages-bts-ndrc-clement-marot","status":"publish","type":"page","link":"https:\/\/btsndrcclementmarot.fr\/?page_id=172","title":{"rendered":"T\u00e9moignages"},"content":{"rendered":"\n<p>Lisez les t\u00e9moignages de nos \u00e9tudiants, vous d\u00e9couvrirez le vivre ensemble au sein du BTS NDRC du lyc\u00e9e Cl\u00e9ment Marot et les d\u00e9bouch\u00e9s professionnels de cette formation.<\/p>\n\n\n\n<h2 class=\"has-text-align-left has-luminous-vivid-orange-to-vivid-red-gradient-background has-background\">D\u00e9couvrez cette vid\u00e9o de pr\u00e9sentation du BTS NDRC Cl\u00e9ment Marot !<\/h2>\n\n\n\n<figure class=\"wp-block-video\"><video controls src=\"https:\/\/btsndrcclementmarot.fr\/wp-content\/uploads\/2021\/09\/VIDEO-BTS-NDRC2020.mov\"><\/video><\/figure>\n\n\n\n<p>D\u00e9couvrez d&rsquo;autres <a href=\"https:\/\/btsndrcclementmarot.fr\/?p=633\">t\u00e9moignages<\/a><\/p>\n","protected":false},"excerpt":{"rendered":"<p>Lisez les t\u00e9moignages de nos \u00e9tudiants, vous d\u00e9couvrirez le vivre ensemble au sein du BTS NDRC du lyc\u00e9e Cl\u00e9ment Marot et les d\u00e9bouch\u00e9s professionnels de cette formation. D\u00e9couvrez cette vid\u00e9o de pr\u00e9sentation du BTS NDRC Cl\u00e9ment Marot ! D\u00e9couvrez d&rsquo;autres t\u00e9moignages<\/p>\n","protected":false},"author":1,"featured_media":49,"parent":0,"menu_order":0,"comment_status":"closed","ping_status":"closed","template":"","meta":[],"yoast_head":"<!-- This site is optimized with the Yoast SEO plugin v17.1 - https:\/\/yoast.com\/wordpress\/plugins\/seo\/ -->\n<title>T\u00e9moignages - Bts NDRC<\/title>\n<meta name=\"description\" content=\"Lisez les t\u00e9moignages du BTS NDRC Cl\u00e9ment Marot, vous d\u00e9couvrirez le vivre ensemble et les d\u00e9bouch\u00e9s professionnels de cette formation.\" \/>\n<meta name=\"robots\" content=\"index, follow, max-snippet:-1, max-image-preview:large, max-video-preview:-1\" \/>\n<link rel=\"canonical\" href=\"https:\/\/btsndrcclementmarot.fr\/?page_id=172\" \/>\n<meta property=\"og:locale\" content=\"fr_FR\" \/>\n<meta property=\"og:type\" content=\"article\" \/>\n<meta property=\"og:title\" content=\"T\u00e9moignages - Bts NDRC\" \/>\n<meta property=\"og:description\" content=\"Lisez les t\u00e9moignages du BTS NDRC Cl\u00e9ment Marot, vous d\u00e9couvrirez le vivre ensemble et les d\u00e9bouch\u00e9s professionnels de cette formation.\" \/>\n<meta property=\"og:url\" content=\"https:\/\/btsndrcclementmarot.fr\/?page_id=172\" \/>\n<meta property=\"og:site_name\" content=\"Bts NDRC\" \/>\n<meta property=\"article:modified_time\" content=\"2023-06-29T09:20:44+00:00\" \/>\n<meta property=\"og:image\" content=\"https:\/\/btsndrcclementmarot.fr\/wp-content\/uploads\/2021\/09\/IMG-9474-scaled.jpg\" \/>\n\t<meta property=\"og:image:width\" content=\"2560\" \/>\n\t<meta property=\"og:image:height\" content=\"1920\" \/>\n<meta name=\"twitter:card\" content=\"summary_large_image\" \/>\n<meta name=\"twitter:label1\" content=\"Dur\u00e9e de lecture est.\" \/>\n\t<meta name=\"twitter:data1\" content=\"1 minute\" \/>\n<script type=\"application\/ld+json\" class=\"yoast-schema-graph\">{\"@context\":\"https:\/\/schema.org\",\"@graph\":[{\"@type\":\"WebSite\",\"@id\":\"https:\/\/btsndrcclementmarot.fr\/#website\",\"url\":\"https:\/\/btsndrcclementmarot.fr\/\",\"name\":\"Bts NDRC\",\"description\":\"Lyc\\u00e9e Cl\\u00e9ment Marot\",\"potentialAction\":[{\"@type\":\"SearchAction\",\"target\":{\"@type\":\"EntryPoint\",\"urlTemplate\":\"https:\/\/btsndrcclementmarot.fr\/?s={search_term_string}\"},\"query-input\":\"required name=search_term_string\"}],\"inLanguage\":\"fr-FR\"},{\"@type\":\"ImageObject\",\"@id\":\"https:\/\/btsndrcclementmarot.fr\/?page_id=172#primaryimage\",\"inLanguage\":\"fr-FR\",\"url\":\"https:\/\/btsndrcclementmarot.fr\/wp-content\/uploads\/2021\/09\/IMG-9474-scaled.jpg\",\"contentUrl\":\"https:\/\/btsndrcclementmarot.fr\/wp-content\/uploads\/2021\/09\/IMG-9474-scaled.jpg\",\"width\":2560,\"height\":1920,\"caption\":\"Apprendre la vente en porte \\u00e0 porte par l'action terrain\"},{\"@type\":\"WebPage\",\"@id\":\"https:\/\/btsndrcclementmarot.fr\/?page_id=172#webpage\",\"url\":\"https:\/\/btsndrcclementmarot.fr\/?page_id=172\",\"name\":\"T\\u00e9moignages - Bts NDRC\",\"isPartOf\":{\"@id\":\"https:\/\/btsndrcclementmarot.fr\/#website\"},\"primaryImageOfPage\":{\"@id\":\"https:\/\/btsndrcclementmarot.fr\/?page_id=172#primaryimage\"},\"datePublished\":\"2021-09-21T07:28:12+00:00\",\"dateModified\":\"2023-06-29T09:20:44+00:00\",\"description\":\"Lisez les t\\u00e9moignages du BTS NDRC Cl\\u00e9ment Marot, vous d\\u00e9couvrirez le vivre ensemble et les d\\u00e9bouch\\u00e9s professionnels de cette formation.\",\"breadcrumb\":{\"@id\":\"https:\/\/btsndrcclementmarot.fr\/?page_id=172#breadcrumb\"},\"inLanguage\":\"fr-FR\",\"potentialAction\":[{\"@type\":\"ReadAction\",\"target\":[\"https:\/\/btsndrcclementmarot.fr\/?page_id=172\"]}]},{\"@type\":\"BreadcrumbList\",\"@id\":\"https:\/\/btsndrcclementmarot.fr\/?page_id=172#breadcrumb\",\"itemListElement\":[{\"@type\":\"ListItem\",\"position\":1,\"name\":\"Accueil\",\"item\":\"https:\/\/btsndrcclementmarot.fr\/\"},{\"@type\":\"ListItem\",\"position\":2,\"name\":\"T\\u00e9moignages\"}]}]}<\/script>\n<!-- \/ Yoast SEO plugin. -->","yoast_head_json":{"title":"T\u00e9moignages - Bts NDRC","description":"Lisez les t\u00e9moignages du BTS NDRC Cl\u00e9ment Marot, vous d\u00e9couvrirez le vivre ensemble et les d\u00e9bouch\u00e9s professionnels de cette formation.","robots":{"index":"index","follow":"follow","max-snippet":"max-snippet:-1","max-image-preview":"max-image-preview:large","max-video-preview":"max-video-preview:-1"},"canonical":"https:\/\/btsndrcclementmarot.fr\/?page_id=172","og_locale":"fr_FR","og_type":"article","og_title":"T\u00e9moignages - Bts NDRC","og_description":"Lisez les t\u00e9moignages du BTS NDRC Cl\u00e9ment Marot, vous d\u00e9couvrirez le vivre ensemble et les d\u00e9bouch\u00e9s professionnels de cette formation.","og_url":"https:\/\/btsndrcclementmarot.fr\/?page_id=172","og_site_name":"Bts NDRC","article_modified_time":"2023-06-29T09:20:44+00:00","og_image":[{"width":2560,"height":1920,"url":"https:\/\/btsndrcclementmarot.fr\/wp-content\/uploads\/2021\/09\/IMG-9474-scaled.jpg","path":"\/home\/btsndrr\/www\/wp-content\/uploads\/2021\/09\/IMG-9474-scaled.jpg","size":"full","id":49,"alt":"CHALLENGE THIRIET 2019","pixels":4915200,"type":"image\/jpeg"}],"twitter_card":"summary_large_image","twitter_misc":{"Dur\u00e9e de lecture est.":"1 minute"},"schema":{"@context":"https:\/\/schema.org","@graph":[{"@type":"WebSite","@id":"https:\/\/btsndrcclementmarot.fr\/#website","url":"https:\/\/btsndrcclementmarot.fr\/","name":"Bts NDRC","description":"Lyc\u00e9e Cl\u00e9ment Marot","potentialAction":[{"@type":"SearchAction","target":{"@type":"EntryPoint","urlTemplate":"https:\/\/btsndrcclementmarot.fr\/?s={search_term_string}"},"query-input":"required name=search_term_string"}],"inLanguage":"fr-FR"},{"@type":"ImageObject","@id":"https:\/\/btsndrcclementmarot.fr\/?page_id=172#primaryimage","inLanguage":"fr-FR","url":"https:\/\/btsndrcclementmarot.fr\/wp-content\/uploads\/2021\/09\/IMG-9474-scaled.jpg","contentUrl":"https:\/\/btsndrcclementmarot.fr\/wp-content\/uploads\/2021\/09\/IMG-9474-scaled.jpg","width":2560,"height":1920,"caption":"Apprendre la vente en porte \u00e0 porte par l'action terrain"},{"@type":"WebPage","@id":"https:\/\/btsndrcclementmarot.fr\/?page_id=172#webpage","url":"https:\/\/btsndrcclementmarot.fr\/?page_id=172","name":"T\u00e9moignages - Bts NDRC","isPartOf":{"@id":"https:\/\/btsndrcclementmarot.fr\/#website"},"primaryImageOfPage":{"@id":"https:\/\/btsndrcclementmarot.fr\/?page_id=172#primaryimage"},"datePublished":"2021-09-21T07:28:12+00:00","dateModified":"2023-06-29T09:20:44+00:00","description":"Lisez les t\u00e9moignages du BTS NDRC Cl\u00e9ment Marot, vous d\u00e9couvrirez le vivre ensemble et les d\u00e9bouch\u00e9s professionnels de cette formation.","breadcrumb":{"@id":"https:\/\/btsndrcclementmarot.fr\/?page_id=172#breadcrumb"},"inLanguage":"fr-FR","potentialAction":[{"@type":"ReadAction","target":["https:\/\/btsndrcclementmarot.fr\/?page_id=172"]}]},{"@type":"BreadcrumbList","@id":"https:\/\/btsndrcclementmarot.fr\/?page_id=172#breadcrumb","itemListElement":[{"@type":"ListItem","position":1,"name":"Accueil","item":"https:\/\/btsndrcclementmarot.fr\/"},{"@type":"ListItem","position":2,"name":"T\u00e9moignages"}]}]}},"_links":{"self":[{"href":"https:\/\/btsndrcclementmarot.fr\/index.php?rest_route=\/wp\/v2\/pages\/172"}],"collection":[{"href":"https:\/\/btsndrcclementmarot.fr\/index.php?rest_route=\/wp\/v2\/pages"}],"about":[{"href":"https:\/\/btsndrcclementmarot.fr\/index.php?rest_route=\/wp\/v2\/types\/page"}],"author":[{"embeddable":true,"href":"https:\/\/btsndrcclementmarot.fr\/index.php?rest_route=\/wp\/v2\/users\/1"}],"replies":[{"embeddable":true,"href":"https:\/\/btsndrcclementmarot.fr\/index.php?rest_route=%2Fwp%2Fv2%2Fcomments&post=172"}],"version-history":[{"count":6,"href":"https:\/\/btsndrcclementmarot.fr\/index.php?rest_route=\/wp\/v2\/pages\/172\/revisions"}],"predecessor-version":[{"id":721,"href":"https:\/\/btsndrcclementmarot.fr\/index.php?rest_route=\/wp\/v2\/pages\/172\/revisions\/721"}],"wp:featuredmedia":[{"embeddable":true,"href":"https:\/\/btsndrcclementmarot.fr\/index.php?rest_route=\/wp\/v2\/media\/49"}],"wp:attachment":[{"href":"https:\/\/btsndrcclementmarot.fr\/index.php?rest_route=%2Fwp%2Fv2%2Fmedia&parent=172"}],"curies":[{"name":"wp","href":"https:\/\/api.w.org\/{rel}","templated":true}]}}