{"id":224,"date":"2021-09-21T10:30:57","date_gmt":"2021-09-21T08:30:57","guid":{"rendered":"https:\/\/btsndrcclementmarot.fr\/?page_id=224"},"modified":"2023-02-06T16:50:53","modified_gmt":"2023-02-06T15:50:53","slug":"challenge-thieriet","status":"publish","type":"page","link":"https:\/\/btsndrcclementmarot.fr\/?page_id=224","title":{"rendered":"Challenge Thiriet"},"content":{"rendered":"\n<div class=\"is-layout-flow wp-block-group\"><div class=\"wp-block-group__inner-container\">\n<h2 class=\"has-text-align-center\" id=\"block-4b373bdd-1068-4ee4-9e69-f73bd0266fb2\"><em><br><span class=\"has-inline-color has-accent-color\">Le challenge Thiriet, c&rsquo;est quoi?<\/span><\/em><\/h2>\n<\/div><\/div>\n\n\n\n<div class=\"is-layout-flow wp-block-group alignwide\"><div class=\"wp-block-group__inner-container\">\n<div class=\"is-layout-flex wp-container-8 wp-block-columns alignwide\">\n<div class=\"is-layout-flow wp-block-column\">\n<div class=\"is-layout-flex wp-block-buttons\">\n<div class=\"wp-block-button is-style-fill\"><a class=\"wp-block-button__link has-text-color\" href=\"https:\/\/btsndrcclementmarot.fr\/wp-admin\/customize.php?url=https%3A%2F%2Fbtsndrcclementmarot.fr%2F%3Fpage_id%3D103\" style=\"border-radius:50px;color:#ba0c49\"><span class=\"has-inline-color has-background-color\">2019<\/span><\/a><\/div>\n<\/div>\n<\/div>\n\n\n\n<div class=\"is-layout-flow wp-block-column\">\n<div class=\"is-layout-flex wp-block-buttons\">\n<div class=\"wp-block-button is-style-fill\"><a class=\"wp-block-button__link has-text-color\" href=\"https:\/\/btsndrcclementmarot.fr\/wp-admin\/customize.php?url=https%3A%2F%2Fbtsndrcclementmarot.fr%2F%3Fpage_id%3D103\" style=\"border-radius:50px;color:#ba0c49\"><span class=\"has-inline-color has-background-color\">2020<\/span><\/a><\/div>\n<\/div>\n<\/div>\n\n\n\n<div class=\"is-layout-flow wp-block-column\">\n<div class=\"is-layout-flex wp-block-buttons\">\n<div class=\"wp-block-button is-style-fill\"><a class=\"wp-block-button__link has-text-color\" style=\"border-radius:50px;color:#ba0c49\"><span class=\"has-inline-color has-background-color\">2021<\/span><\/a><\/div>\n<\/div>\n<\/div>\n<\/div>\n<\/div><\/div>\n\n\n\n<p id=\"block-02c3f69d-ac8a-4c9e-bae2-7cb9807931d1\">Le challenge Thiriet et une mission commerciale organis\u00e9e par l&rsquo;\u00e9quipe p\u00e9dagogique du BTS NDRC du Lyc\u00e9e Cl\u00e9ment Marot, en partenariat avec la maison des surgel\u00e9s, Thiriet.<\/p>\n\n\n\n<h2 id=\"block-9547d095-ba45-4349-8b24-aa7c21871d16\"><em><span class=\"has-inline-color has-accent-color\">Pourquoi Thiriet?<\/span><\/em><\/h2>\n\n\n\n<p id=\"block-22385a4e-0603-4431-adc6-6b5034e8b03c\">Tout d&rsquo;abord, nous avons choisi de travailler avec la Maison Thiriet et ce depuis d\u00e9j\u00e0 plusieurs ann\u00e9es car ce partenariat permet aux \u00e9tudiants de d\u00e9couvrir diff\u00e9rents points du m\u00e9tier de commercial.<\/p>\n\n\n\n<h2 id=\"block-2f974375-bbea-4c66-a3f5-79235fa7bd9c\"><em><span class=\"has-inline-color has-accent-color\">Les comp\u00e9tences d\u00e9couvertes<\/span><\/em><\/h2>\n\n\n\n<p id=\"block-df682c9d-e658-410e-a051-df2db47bfbc5\">De la prospection t\u00e9l\u00e9phonique \/ physique \u00e0 la prise de commande, nombreuses sont les d\u00e9couvertes r\u00e9alis\u00e9es lors du challenge Thiriet. En effet, les \u00e9tudiants tout juste entr\u00e9s dans le BTS, apprennent \u00e0 qualifier des bases de donn\u00e9es, \u00e0 r\u00e9diger des script d&rsquo;appel, des guides d&rsquo;entretien t\u00e9l\u00e9phoniques. Ils apprennent \u00e9galement \u00e0 remplir des bons de commandes et \u00e0 communiquer directement avec le client, de vive voix.<\/p>\n\n\n\n<h2 id=\"block-21b68a84-a3f4-4cfd-a601-10f6348dfea3\"><em><span class=\"has-inline-color has-accent-color\">Le challenge Thiriet et la prospection<\/span><\/em><\/h2>\n\n\n\n<p id=\"block-23f9822e-b3bc-47c2-8788-4035d899e98e\">Au d\u00e9but, en 2019, la prospection \u00e9tait physique. Deux \u00e9l\u00e8ves et un commercial de la Maison Thiriet ont r\u00e9alis\u00e9 du porte-\u00e0-porte, \u00e9quip\u00e9s d&rsquo;un catalogue et de bons de commande. En 2020, avec la crise sanitaire, la Maison Thiriet a su rester fid\u00e8le et ensemble, nous avons trouver une solution. C&rsquo;est pourquoi nous avons choisi de r\u00e9aliser de la prospection t\u00e9l\u00e9phonique et de la qualification de bases de donn\u00e9es.<\/p>\n\n\n\n<h2 id=\"block-060fe569-adfd-4485-9570-3a454d5f0ca5\"><span class=\"has-inline-color has-accent-color\">Le challenge <em>Thiriet, une mission rep\u00e8re dans le BTS<\/em><\/span><\/h2>\n\n\n\n<p id=\"block-46a694b7-f13f-4bcd-9ae3-83a3550ff9a6\">\u00c0 pr\u00e9sent, pourquoi pouvons-nous dire que le challenge Thiriet est un rep\u00e8re au cours des deux ann\u00e9es de BTS? Et bien ce challenge permet \u00e9galement aux \u00e9tudiants d&rsquo;apprendre \u00e0 construire un dossier d&rsquo;entreprise complet. Ce dossier comprend : l&rsquo;analyse de l&rsquo;environnement avec \u00e9tude de march\u00e9, l&rsquo;analyse de l&rsquo;entreprise&#8230; Ainsi, lors de leurs stages de premi\u00e8re et deuxi\u00e8me ann\u00e9e, ils peuvent ais\u00e9ment b\u00e2tir un dossier d&rsquo;entreprise. Ce dernier est solide et complet et reprend les points d\u00e9velopp\u00e9s lors du challenge Thiriet. Le plan de dossier reste plus ou moins le m\u00eame et permet donc de guider les \u00e9tudiants dans leurs recherches notamment. Ils ont des id\u00e9es sur les annexes \u00e0 fournir et ont des mod\u00e8les d&rsquo;outils d&rsquo;aide \u00e0 la vente.<\/p>\n\n\n\n<h2 id=\"block-0886abbf-a24f-48d2-94e0-198fd278981f\"><em><span class=\"has-inline-color has-accent-color\">Remerciements<\/span><\/em><\/h2>\n\n\n\n<p>L&rsquo;ensemble de l&rsquo;\u00e9quipe p\u00e9dagogique du BTS NDRC du lyc\u00e9e Cl\u00e9ment Marot remercie la Maison Thiriet d&rsquo;offrir cette chance incroyable aux \u00e9tudiants de d\u00e9couvrir et apprendre les savoirs-faire du m\u00e9tier de commercial.<\/p>\n\n\n\n<div class=\"is-layout-flow wp-block-group alignwide\"><div class=\"wp-block-group__inner-container\">\n<div class=\"is-layout-flex wp-container-16 wp-block-columns alignwide\">\n<div class=\"is-layout-flow wp-block-column\">\n<div class=\"is-layout-flex wp-block-buttons\">\n<div class=\"wp-block-button is-style-outline\"><a class=\"wp-block-button__link has-text-color\" href=\"thiriet.com\/accueil\/accueil,1,1129.html?(ouvre un nouvel onglet)\" style=\"border-radius:50px;color:#ba0c49\">La maison thiriet<\/a><\/div>\n<\/div>\n<\/div>\n\n\n\n<div class=\"is-layout-flow wp-block-column\">\n<div class=\"is-layout-flex wp-block-buttons\">\n<div class=\"wp-block-button is-style-outline\"><a class=\"wp-block-button__link has-text-color\" href=\"beaboss.fr\/Definitions-Glossaire\/Prospection-commerciale-245248.htm(ouvre un nouvel onglet)\" style=\"border-radius:50px;color:#ba0c49\">la prospection<\/a><\/div>\n<\/div>\n<\/div>\n\n\n\n<div class=\"is-layout-flow wp-block-column\">\n<div class=\"is-layout-flex wp-block-buttons\">\n<div class=\"wp-block-button is-style-outline\"><a class=\"wp-block-button__link has-text-color\" href=\"btsndrcclementmarot.fr\/wp-admin\/customize.php?url=https%3A%2F%2Fbtsndrcclementmarot.fr%2F%3Fpage_id%3D103(ouvre un nouvel onglet)\" style=\"border-radius:50px;color:#ba0c49\">demande de renseignements<\/a><\/div>\n<\/div>\n<\/div>\n<\/div>\n<\/div><\/div>\n\n\n\n<p><\/p>\n","protected":false},"excerpt":{"rendered":"<p>Le challenge Thiriet, c&rsquo;est quoi? Le challenge Thiriet et une mission commerciale organis\u00e9e par l&rsquo;\u00e9quipe p\u00e9dagogique du BTS NDRC du Lyc\u00e9e Cl\u00e9ment Marot, en partenariat avec la maison des surgel\u00e9s, Thiriet. Pourquoi Thiriet? Tout d&rsquo;abord, nous avons choisi de travailler avec la Maison Thiriet et ce depuis d\u00e9j\u00e0 plusieurs ann\u00e9es car ce partenariat permet aux [&hellip;]<\/p>\n","protected":false},"author":1,"featured_media":54,"parent":99,"menu_order":0,"comment_status":"closed","ping_status":"closed","template":"","meta":[],"yoast_head":"<!-- This site is optimized with the Yoast SEO plugin v17.1 - https:\/\/yoast.com\/wordpress\/plugins\/seo\/ -->\n<title>Challenge Thiriet - Bts NDRC<\/title>\n<meta name=\"description\" content=\"Venez am\u00e9liorer vos comp\u00e9tences et d\u00e9couvrir le m\u00e9tier de commercial avec le challenge Thiriet au sein du BTS NDRC du Lyc\u00e9e Cl\u00e9ment Marot.\" \/>\n<meta name=\"robots\" content=\"index, follow, max-snippet:-1, max-image-preview:large, max-video-preview:-1\" \/>\n<link rel=\"canonical\" href=\"https:\/\/btsndrcclementmarot.fr\/?page_id=224\" \/>\n<meta property=\"og:locale\" content=\"fr_FR\" \/>\n<meta property=\"og:type\" content=\"article\" \/>\n<meta property=\"og:title\" content=\"Challenge Thiriet - Bts NDRC\" \/>\n<meta property=\"og:description\" content=\"Venez am\u00e9liorer vos comp\u00e9tences et d\u00e9couvrir le m\u00e9tier de commercial avec le challenge Thiriet au sein du BTS NDRC du Lyc\u00e9e Cl\u00e9ment Marot.\" \/>\n<meta property=\"og:url\" content=\"https:\/\/btsndrcclementmarot.fr\/?page_id=224\" \/>\n<meta property=\"og:site_name\" content=\"Bts NDRC\" \/>\n<meta property=\"article:modified_time\" content=\"2023-02-06T15:50:53+00:00\" \/>\n<meta property=\"og:image\" content=\"https:\/\/btsndrcclementmarot.fr\/wp-content\/uploads\/2021\/09\/Formation-Thiriet-scaled.jpg\" \/>\n\t<meta property=\"og:image:width\" content=\"2560\" \/>\n\t<meta property=\"og:image:height\" content=\"1920\" \/>\n<meta name=\"twitter:card\" content=\"summary_large_image\" \/>\n<meta name=\"twitter:label1\" content=\"Dur\u00e9e de lecture est.\" \/>\n\t<meta name=\"twitter:data1\" content=\"2 minutes\" \/>\n<script type=\"application\/ld+json\" class=\"yoast-schema-graph\">{\"@context\":\"https:\/\/schema.org\",\"@graph\":[{\"@type\":\"WebSite\",\"@id\":\"https:\/\/btsndrcclementmarot.fr\/#website\",\"url\":\"https:\/\/btsndrcclementmarot.fr\/\",\"name\":\"Bts NDRC\",\"description\":\"Lyc\\u00e9e Cl\\u00e9ment Marot\",\"potentialAction\":[{\"@type\":\"SearchAction\",\"target\":{\"@type\":\"EntryPoint\",\"urlTemplate\":\"https:\/\/btsndrcclementmarot.fr\/?s={search_term_string}\"},\"query-input\":\"required name=search_term_string\"}],\"inLanguage\":\"fr-FR\"},{\"@type\":\"ImageObject\",\"@id\":\"https:\/\/btsndrcclementmarot.fr\/?page_id=224#primaryimage\",\"inLanguage\":\"fr-FR\",\"url\":\"https:\/\/btsndrcclementmarot.fr\/wp-content\/uploads\/2021\/09\/Formation-Thiriet-scaled.jpg\",\"contentUrl\":\"https:\/\/btsndrcclementmarot.fr\/wp-content\/uploads\/2021\/09\/Formation-Thiriet-scaled.jpg\",\"width\":2560,\"height\":1920,\"caption\":\"Les \\u00e9tudiants de premi\\u00e8re ann\\u00e9e du BTS NDRC ont fait leur premier raid commercial avec l'entreprise THIRIET, sp\\u00e9cialiste du surgel\\u00e9 : prospection t\\u00e9l\\u00e9phonique\"},{\"@type\":\"WebPage\",\"@id\":\"https:\/\/btsndrcclementmarot.fr\/?page_id=224#webpage\",\"url\":\"https:\/\/btsndrcclementmarot.fr\/?page_id=224\",\"name\":\"Challenge Thiriet - Bts NDRC\",\"isPartOf\":{\"@id\":\"https:\/\/btsndrcclementmarot.fr\/#website\"},\"primaryImageOfPage\":{\"@id\":\"https:\/\/btsndrcclementmarot.fr\/?page_id=224#primaryimage\"},\"datePublished\":\"2021-09-21T08:30:57+00:00\",\"dateModified\":\"2023-02-06T15:50:53+00:00\",\"description\":\"Venez am\\u00e9liorer vos comp\\u00e9tences et d\\u00e9couvrir le m\\u00e9tier de commercial avec le challenge Thiriet au sein du BTS NDRC du Lyc\\u00e9e Cl\\u00e9ment Marot.\",\"breadcrumb\":{\"@id\":\"https:\/\/btsndrcclementmarot.fr\/?page_id=224#breadcrumb\"},\"inLanguage\":\"fr-FR\",\"potentialAction\":[{\"@type\":\"ReadAction\",\"target\":[\"https:\/\/btsndrcclementmarot.fr\/?page_id=224\"]}]},{\"@type\":\"BreadcrumbList\",\"@id\":\"https:\/\/btsndrcclementmarot.fr\/?page_id=224#breadcrumb\",\"itemListElement\":[{\"@type\":\"ListItem\",\"position\":1,\"name\":\"Accueil\",\"item\":\"https:\/\/btsndrcclementmarot.fr\/\"},{\"@type\":\"ListItem\",\"position\":2,\"name\":\"Challenges commerciaux\",\"item\":\"https:\/\/btsndrcclementmarot.fr\/?page_id=99\"},{\"@type\":\"ListItem\",\"position\":3,\"name\":\"Challenge Thiriet\"}]}]}<\/script>\n<!-- \/ Yoast SEO plugin. -->","yoast_head_json":{"title":"Challenge Thiriet - Bts NDRC","description":"Venez am\u00e9liorer vos comp\u00e9tences et d\u00e9couvrir le m\u00e9tier de commercial avec le challenge Thiriet au sein du BTS NDRC du Lyc\u00e9e Cl\u00e9ment Marot.","robots":{"index":"index","follow":"follow","max-snippet":"max-snippet:-1","max-image-preview":"max-image-preview:large","max-video-preview":"max-video-preview:-1"},"canonical":"https:\/\/btsndrcclementmarot.fr\/?page_id=224","og_locale":"fr_FR","og_type":"article","og_title":"Challenge Thiriet - Bts NDRC","og_description":"Venez am\u00e9liorer vos comp\u00e9tences et d\u00e9couvrir le m\u00e9tier de commercial avec le challenge Thiriet au sein du BTS NDRC du Lyc\u00e9e Cl\u00e9ment Marot.","og_url":"https:\/\/btsndrcclementmarot.fr\/?page_id=224","og_site_name":"Bts NDRC","article_modified_time":"2023-02-06T15:50:53+00:00","og_image":[{"width":2560,"height":1920,"url":"https:\/\/btsndrcclementmarot.fr\/wp-content\/uploads\/2021\/09\/Formation-Thiriet-scaled.jpg","path":"\/home\/btsndrr\/www\/wp-content\/uploads\/2021\/09\/Formation-Thiriet-scaled.jpg","size":"full","id":54,"alt":"CHALLENGE THIRIET 2020","pixels":4915200,"type":"image\/jpeg"}],"twitter_card":"summary_large_image","twitter_misc":{"Dur\u00e9e de lecture est.":"2 minutes"},"schema":{"@context":"https:\/\/schema.org","@graph":[{"@type":"WebSite","@id":"https:\/\/btsndrcclementmarot.fr\/#website","url":"https:\/\/btsndrcclementmarot.fr\/","name":"Bts NDRC","description":"Lyc\u00e9e Cl\u00e9ment Marot","potentialAction":[{"@type":"SearchAction","target":{"@type":"EntryPoint","urlTemplate":"https:\/\/btsndrcclementmarot.fr\/?s={search_term_string}"},"query-input":"required name=search_term_string"}],"inLanguage":"fr-FR"},{"@type":"ImageObject","@id":"https:\/\/btsndrcclementmarot.fr\/?page_id=224#primaryimage","inLanguage":"fr-FR","url":"https:\/\/btsndrcclementmarot.fr\/wp-content\/uploads\/2021\/09\/Formation-Thiriet-scaled.jpg","contentUrl":"https:\/\/btsndrcclementmarot.fr\/wp-content\/uploads\/2021\/09\/Formation-Thiriet-scaled.jpg","width":2560,"height":1920,"caption":"Les \u00e9tudiants de premi\u00e8re ann\u00e9e du BTS NDRC ont fait leur premier raid commercial avec l'entreprise THIRIET, sp\u00e9cialiste du surgel\u00e9 : prospection t\u00e9l\u00e9phonique"},{"@type":"WebPage","@id":"https:\/\/btsndrcclementmarot.fr\/?page_id=224#webpage","url":"https:\/\/btsndrcclementmarot.fr\/?page_id=224","name":"Challenge Thiriet - Bts NDRC","isPartOf":{"@id":"https:\/\/btsndrcclementmarot.fr\/#website"},"primaryImageOfPage":{"@id":"https:\/\/btsndrcclementmarot.fr\/?page_id=224#primaryimage"},"datePublished":"2021-09-21T08:30:57+00:00","dateModified":"2023-02-06T15:50:53+00:00","description":"Venez am\u00e9liorer vos comp\u00e9tences et d\u00e9couvrir le m\u00e9tier de commercial avec le challenge Thiriet au sein du BTS NDRC du Lyc\u00e9e Cl\u00e9ment Marot.","breadcrumb":{"@id":"https:\/\/btsndrcclementmarot.fr\/?page_id=224#breadcrumb"},"inLanguage":"fr-FR","potentialAction":[{"@type":"ReadAction","target":["https:\/\/btsndrcclementmarot.fr\/?page_id=224"]}]},{"@type":"BreadcrumbList","@id":"https:\/\/btsndrcclementmarot.fr\/?page_id=224#breadcrumb","itemListElement":[{"@type":"ListItem","position":1,"name":"Accueil","item":"https:\/\/btsndrcclementmarot.fr\/"},{"@type":"ListItem","position":2,"name":"Challenges commerciaux","item":"https:\/\/btsndrcclementmarot.fr\/?page_id=99"},{"@type":"ListItem","position":3,"name":"Challenge Thiriet"}]}]}},"_links":{"self":[{"href":"https:\/\/btsndrcclementmarot.fr\/index.php?rest_route=\/wp\/v2\/pages\/224"}],"collection":[{"href":"https:\/\/btsndrcclementmarot.fr\/index.php?rest_route=\/wp\/v2\/pages"}],"about":[{"href":"https:\/\/btsndrcclementmarot.fr\/index.php?rest_route=\/wp\/v2\/types\/page"}],"author":[{"embeddable":true,"href":"https:\/\/btsndrcclementmarot.fr\/index.php?rest_route=\/wp\/v2\/users\/1"}],"replies":[{"embeddable":true,"href":"https:\/\/btsndrcclementmarot.fr\/index.php?rest_route=%2Fwp%2Fv2%2Fcomments&post=224"}],"version-history":[{"count":7,"href":"https:\/\/btsndrcclementmarot.fr\/index.php?rest_route=\/wp\/v2\/pages\/224\/revisions"}],"predecessor-version":[{"id":306,"href":"https:\/\/btsndrcclementmarot.fr\/index.php?rest_route=\/wp\/v2\/pages\/224\/revisions\/306"}],"up":[{"embeddable":true,"href":"https:\/\/btsndrcclementmarot.fr\/index.php?rest_route=\/wp\/v2\/pages\/99"}],"wp:featuredmedia":[{"embeddable":true,"href":"https:\/\/btsndrcclementmarot.fr\/index.php?rest_route=\/wp\/v2\/media\/54"}],"wp:attachment":[{"href":"https:\/\/btsndrcclementmarot.fr\/index.php?rest_route=%2Fwp%2Fv2%2Fmedia&parent=224"}],"curies":[{"name":"wp","href":"https:\/\/api.w.org\/{rel}","templated":true}]}}