{"id":89,"date":"2021-09-21T08:12:42","date_gmt":"2021-09-21T06:12:42","guid":{"rendered":"https:\/\/btsndrcclementmarot.fr\/?page_id=89"},"modified":"2022-09-01T15:15:38","modified_gmt":"2022-09-01T13:15:38","slug":"lequipe-pedagogique","status":"publish","type":"page","link":"https:\/\/btsndrcclementmarot.fr\/?page_id=89","title":{"rendered":"L&rsquo;\u00e9quipe p\u00e9dagogique"},"content":{"rendered":"\n<p>Des professeurs \u00e0 votre \u00e9coute et en relation avec des entreprises !<\/p>\n\n\n\n<p>P\u00f4le professionnel : N\u00e9gociation- vente ; Digitalisation de la relation \u00e0 distance;  Animation r\u00e9seaux de partenaires ; Atelier de professionnalisation. <\/p>\n\n\n\n<p>P\u00f4le enseignement g\u00e9n\u00e9ral : culture g\u00e9n\u00e9rale et expressions, langues vivantes enfin Culture Economique Juridique et Manag\u00e9riale. <\/p>\n","protected":false},"excerpt":{"rendered":"<p>Des professeurs \u00e0 votre \u00e9coute et en relation avec des entreprises ! P\u00f4le professionnel : N\u00e9gociation- vente ; Digitalisation de la relation \u00e0 distance; Animation r\u00e9seaux de partenaires ; Atelier de professionnalisation. P\u00f4le enseignement g\u00e9n\u00e9ral : culture g\u00e9n\u00e9rale et expressions, langues vivantes enfin Culture Economique Juridique et Manag\u00e9riale.<\/p>\n","protected":false},"author":1,"featured_media":0,"parent":0,"menu_order":0,"comment_status":"closed","ping_status":"closed","template":"","meta":[],"yoast_head":"<!-- This site is optimized with the Yoast SEO plugin v17.1 - https:\/\/yoast.com\/wordpress\/plugins\/seo\/ -->\n<title>L&#039;\u00e9quipe p\u00e9dagogique - Bts NDRC<\/title>\n<meta name=\"robots\" content=\"index, follow, max-snippet:-1, max-image-preview:large, max-video-preview:-1\" \/>\n<link rel=\"canonical\" href=\"https:\/\/btsndrcclementmarot.fr\/?page_id=89\" \/>\n<meta property=\"og:locale\" content=\"fr_FR\" \/>\n<meta property=\"og:type\" content=\"article\" \/>\n<meta property=\"og:title\" content=\"L&#039;\u00e9quipe p\u00e9dagogique - Bts NDRC\" \/>\n<meta property=\"og:description\" content=\"Des professeurs \u00e0 votre \u00e9coute et en relation avec des entreprises ! P\u00f4le professionnel : N\u00e9gociation- vente ; Digitalisation de la relation \u00e0 distance; Animation r\u00e9seaux de partenaires ; Atelier de professionnalisation. P\u00f4le enseignement g\u00e9n\u00e9ral : culture g\u00e9n\u00e9rale et expressions, langues vivantes enfin Culture Economique Juridique et Manag\u00e9riale.\" \/>\n<meta property=\"og:url\" content=\"https:\/\/btsndrcclementmarot.fr\/?page_id=89\" \/>\n<meta property=\"og:site_name\" content=\"Bts NDRC\" \/>\n<meta property=\"article:modified_time\" content=\"2022-09-01T13:15:38+00:00\" \/>\n<meta name=\"twitter:card\" content=\"summary_large_image\" \/>\n<meta name=\"twitter:label1\" content=\"Dur\u00e9e de lecture est.\" \/>\n\t<meta name=\"twitter:data1\" content=\"1 minute\" \/>\n<script type=\"application\/ld+json\" class=\"yoast-schema-graph\">{\"@context\":\"https:\/\/schema.org\",\"@graph\":[{\"@type\":\"WebSite\",\"@id\":\"https:\/\/btsndrcclementmarot.fr\/#website\",\"url\":\"https:\/\/btsndrcclementmarot.fr\/\",\"name\":\"Bts NDRC\",\"description\":\"Lyc\\u00e9e Cl\\u00e9ment Marot\",\"potentialAction\":[{\"@type\":\"SearchAction\",\"target\":{\"@type\":\"EntryPoint\",\"urlTemplate\":\"https:\/\/btsndrcclementmarot.fr\/?s={search_term_string}\"},\"query-input\":\"required name=search_term_string\"}],\"inLanguage\":\"fr-FR\"},{\"@type\":\"WebPage\",\"@id\":\"https:\/\/btsndrcclementmarot.fr\/?page_id=89#webpage\",\"url\":\"https:\/\/btsndrcclementmarot.fr\/?page_id=89\",\"name\":\"L'\\u00e9quipe p\\u00e9dagogique - Bts NDRC\",\"isPartOf\":{\"@id\":\"https:\/\/btsndrcclementmarot.fr\/#website\"},\"datePublished\":\"2021-09-21T06:12:42+00:00\",\"dateModified\":\"2022-09-01T13:15:38+00:00\",\"breadcrumb\":{\"@id\":\"https:\/\/btsndrcclementmarot.fr\/?page_id=89#breadcrumb\"},\"inLanguage\":\"fr-FR\",\"potentialAction\":[{\"@type\":\"ReadAction\",\"target\":[\"https:\/\/btsndrcclementmarot.fr\/?page_id=89\"]}]},{\"@type\":\"BreadcrumbList\",\"@id\":\"https:\/\/btsndrcclementmarot.fr\/?page_id=89#breadcrumb\",\"itemListElement\":[{\"@type\":\"ListItem\",\"position\":1,\"name\":\"Accueil\",\"item\":\"https:\/\/btsndrcclementmarot.fr\/\"},{\"@type\":\"ListItem\",\"position\":2,\"name\":\"L&#8217;\\u00e9quipe p\\u00e9dagogique\"}]}]}<\/script>\n<!-- \/ Yoast SEO plugin. -->","yoast_head_json":{"title":"L'\u00e9quipe p\u00e9dagogique - Bts NDRC","robots":{"index":"index","follow":"follow","max-snippet":"max-snippet:-1","max-image-preview":"max-image-preview:large","max-video-preview":"max-video-preview:-1"},"canonical":"https:\/\/btsndrcclementmarot.fr\/?page_id=89","og_locale":"fr_FR","og_type":"article","og_title":"L'\u00e9quipe p\u00e9dagogique - Bts NDRC","og_description":"Des professeurs \u00e0 votre \u00e9coute et en relation avec des entreprises ! P\u00f4le professionnel : N\u00e9gociation- vente ; Digitalisation de la relation \u00e0 distance; Animation r\u00e9seaux de partenaires ; Atelier de professionnalisation. P\u00f4le enseignement g\u00e9n\u00e9ral : culture g\u00e9n\u00e9rale et expressions, langues vivantes enfin Culture Economique Juridique et Manag\u00e9riale.","og_url":"https:\/\/btsndrcclementmarot.fr\/?page_id=89","og_site_name":"Bts NDRC","article_modified_time":"2022-09-01T13:15:38+00:00","twitter_card":"summary_large_image","twitter_misc":{"Dur\u00e9e de lecture est.":"1 minute"},"schema":{"@context":"https:\/\/schema.org","@graph":[{"@type":"WebSite","@id":"https:\/\/btsndrcclementmarot.fr\/#website","url":"https:\/\/btsndrcclementmarot.fr\/","name":"Bts NDRC","description":"Lyc\u00e9e Cl\u00e9ment Marot","potentialAction":[{"@type":"SearchAction","target":{"@type":"EntryPoint","urlTemplate":"https:\/\/btsndrcclementmarot.fr\/?s={search_term_string}"},"query-input":"required name=search_term_string"}],"inLanguage":"fr-FR"},{"@type":"WebPage","@id":"https:\/\/btsndrcclementmarot.fr\/?page_id=89#webpage","url":"https:\/\/btsndrcclementmarot.fr\/?page_id=89","name":"L'\u00e9quipe p\u00e9dagogique - Bts NDRC","isPartOf":{"@id":"https:\/\/btsndrcclementmarot.fr\/#website"},"datePublished":"2021-09-21T06:12:42+00:00","dateModified":"2022-09-01T13:15:38+00:00","breadcrumb":{"@id":"https:\/\/btsndrcclementmarot.fr\/?page_id=89#breadcrumb"},"inLanguage":"fr-FR","potentialAction":[{"@type":"ReadAction","target":["https:\/\/btsndrcclementmarot.fr\/?page_id=89"]}]},{"@type":"BreadcrumbList","@id":"https:\/\/btsndrcclementmarot.fr\/?page_id=89#breadcrumb","itemListElement":[{"@type":"ListItem","position":1,"name":"Accueil","item":"https:\/\/btsndrcclementmarot.fr\/"},{"@type":"ListItem","position":2,"name":"L&#8217;\u00e9quipe p\u00e9dagogique"}]}]}},"_links":{"self":[{"href":"https:\/\/btsndrcclementmarot.fr\/index.php?rest_route=\/wp\/v2\/pages\/89"}],"collection":[{"href":"https:\/\/btsndrcclementmarot.fr\/index.php?rest_route=\/wp\/v2\/pages"}],"about":[{"href":"https:\/\/btsndrcclementmarot.fr\/index.php?rest_route=\/wp\/v2\/types\/page"}],"author":[{"embeddable":true,"href":"https:\/\/btsndrcclementmarot.fr\/index.php?rest_route=\/wp\/v2\/users\/1"}],"replies":[{"embeddable":true,"href":"https:\/\/btsndrcclementmarot.fr\/index.php?rest_route=%2Fwp%2Fv2%2Fcomments&post=89"}],"version-history":[{"count":2,"href":"https:\/\/btsndrcclementmarot.fr\/index.php?rest_route=\/wp\/v2\/pages\/89\/revisions"}],"predecessor-version":[{"id":390,"href":"https:\/\/btsndrcclementmarot.fr\/index.php?rest_route=\/wp\/v2\/pages\/89\/revisions\/390"}],"wp:attachment":[{"href":"https:\/\/btsndrcclementmarot.fr\/index.php?rest_route=%2Fwp%2Fv2%2Fmedia&parent=89"}],"curies":[{"name":"wp","href":"https:\/\/api.w.org\/{rel}","templated":true}]}}