{"id":93,"date":"2021-09-21T08:14:17","date_gmt":"2021-09-21T06:14:17","guid":{"rendered":"https:\/\/btsndrcclementmarot.fr\/?page_id=93"},"modified":"2025-01-28T09:27:45","modified_gmt":"2025-01-28T08:27:45","slug":"accueil-du-bts-ndrc-formation-cahors","status":"publish","type":"page","link":"https:\/\/btsndrcclementmarot.fr\/","title":{"rendered":"Accueil"},"content":{"rendered":"\n<h3 class=\"has-larger-font-size\"><mark style=\"background-color:rgba(0, 0, 0, 0)\" class=\"has-inline-color has-accent-color\">Le commercial \u00e0 l&rsquo;\u00e8re du digital<\/mark> <\/h3>\n\n\n\n<h3 class=\"has-larger-font-size\"><mark style=\"background-color:rgba(0, 0, 0, 0)\" class=\"has-inline-color has-accent-color\"> BTS NDRC de Cl\u00e9ment Marot<\/mark><\/h3>\n\n\n\n<div class=\"wp-block-media-text alignwide is-stacked-on-mobile\"><figure class=\"wp-block-media-text__media\"><video controls src=\"https:\/\/btsndrcclementmarot.fr\/wp-content\/uploads\/2024\/03\/video-41_c8kWdiEN-online-video-cutter.com_.mp4\"><\/video><\/figure><div class=\"wp-block-media-text__content\">\n<p class=\"has-accent-color has-subtle-background-background-color has-text-color has-background has-normal-font-size\"><strong>VENEZ aux Journ\u00e9es Portes Ouvertes<\/strong><\/p>\n\n\n\n<p class=\"has-text-align-center\" id=\"jpo-BTS-NDRC-CAHORS-CLEMENT-MAROT\"><strong>le samedi 8 f\u00e9vrier 2025 de 9h \u00e0 12h <\/strong><\/p>\n\n\n\n<p class=\"has-text-align-center\">au 59 rue des Augustins Cahors<\/p>\n<\/div><\/div>\n\n\n\n<p>Les nouvelles technologies modifient l&rsquo;univers professionnel du commercial qui doit d\u00e9velopper de nouvelles comp\u00e9tences. C&rsquo;est pourquoi dans le BTS NDRC de Cl\u00e9ment Marot, on apprend \u00e0:<\/p>\n\n\n\n<ul>\n<li><strong>Vendre et prospecter<\/strong> gr\u00e2ce \u00e0 l&rsquo;utilisation de logiciels de gestion de la relation client.<\/li>\n\n\n\n<li><strong>Cr\u00e9er et entretenir la relation client \u00e0 distance <\/strong>via les nouveaux outils: r\u00e9seaux sociaux num\u00e9riques, site internet, smartphone&#8230;<\/li>\n\n\n\n<li><strong>Cr\u00e9er et publi<\/strong>er des contenus commerciaux pour une relation interactive et personnalis\u00e9e.<\/li>\n\n\n\n<li><strong>Cr\u00e9er et animer les r\u00e9seaux de partenaires <\/strong>par des actions concr\u00e8tes. <\/li>\n<\/ul>\n\n\n\n<p class=\"has-text-align-center\"><img decoding=\"async\" loading=\"lazy\" width=\"535\" height=\"354\" class=\"wp-image-12\" style=\"width: 165px;\" src=\"https:\/\/btsndrcclementmarot.fr\/wp-content\/uploads\/2021\/09\/PROFESSIONNELS.png\" alt=\"\" srcset=\"https:\/\/btsndrcclementmarot.fr\/wp-content\/uploads\/2021\/09\/PROFESSIONNELS.png 535w, https:\/\/btsndrcclementmarot.fr\/wp-content\/uploads\/2021\/09\/PROFESSIONNELS-300x199.png 300w\" sizes=\"(max-width: 535px) 100vw, 535px\" \/><\/p>\n\n\n\n<h5><mark style=\"background-color:rgba(0, 0, 0, 0)\" class=\"has-inline-color has-accent-color\">Vous avez bien fait de choisir notre <a href=\"https:\/\/btsndrcclementmarot.fr\/?page_id=130\">formation commerciale<\/a> au sein du lyc\u00e9e Cl\u00e9ment Marot.<\/mark><\/h5>\n\n\n\n<ul>\n<li>Sous <strong>statut scolaire<\/strong>: cours alternant avec des challenges commerciaux, s\u00e9minaires et 4 mois de stage sur les deux ann\u00e9es de formation .<\/li>\n<\/ul>\n\n\n\n<p>OU<\/p>\n\n\n\n<ul>\n<li>Sous <strong>statut d&rsquo;apprenti(e) <\/strong>avec un rythme d&rsquo;<a href=\"https:\/\/btsndrcclementmarot.fr\/?page_id=128\">alternance<\/a> de 3 semaines en entreprise suivies de 3 semaines en pr\u00e9sentiel. L&rsquo;int\u00e9r\u00eat \u00e9tant de suivre r\u00e9guli\u00e8rement la formation en lien avec les comp\u00e9tences. <\/li>\n<\/ul>\n\n\n\n<h5><mark style=\"background-color:rgba(0, 0, 0, 0)\" class=\"has-inline-color has-accent-color\">D\u00e9couvrez-nous &#8230;<\/mark><\/h5>\n\n\n\n<figure class=\"wp-block-video\"><video controls src=\"https:\/\/btsndrcclementmarot.fr\/wp-content\/uploads\/2021\/09\/VIDEO-BTS-NDRC2020.mov\"><\/video><\/figure>\n\n\n\n<div class=\"is-layout-flex wp-block-buttons\">\n<div class=\"wp-block-button\"><a class=\"wp-block-button__link wp-element-button\" href=\"https:\/\/www.onisep.fr\/Ressources\/Univers-Formation\/Formations\/Post-bac\/bts-negociation-et-digitalisation-de-la-relation-client\">LE BTS NDRC par l&rsquo;ONisep<\/a><\/div>\n<\/div>\n","protected":false},"excerpt":{"rendered":"<p>Le commercial \u00e0 l&rsquo;\u00e8re du digital BTS NDRC de Cl\u00e9ment Marot VENEZ aux Journ\u00e9es Portes Ouvertes le samedi 8 f\u00e9vrier 2025 de 9h \u00e0 12h au 59 rue des Augustins Cahors Les nouvelles technologies modifient l&rsquo;univers professionnel du commercial qui doit d\u00e9velopper de nouvelles comp\u00e9tences. C&rsquo;est pourquoi dans le BTS NDRC de Cl\u00e9ment Marot, on [&hellip;]<\/p>\n","protected":false},"author":2,"featured_media":0,"parent":0,"menu_order":0,"comment_status":"closed","ping_status":"closed","template":"","meta":[],"yoast_head":"<!-- This site is optimized with the Yoast SEO plugin v17.1 - https:\/\/yoast.com\/wordpress\/plugins\/seo\/ -->\n<title>Accueil - Bts NDRC<\/title>\n<meta name=\"description\" content=\"Venez d\u00e9velopper vos comp\u00e9tences en n\u00e9gociation et digitalisation de la relation client avec notre BTS NDRC au sein du lyc\u00e9e Cl\u00e9ment Marot.\" \/>\n<meta name=\"robots\" content=\"index, follow, max-snippet:-1, max-image-preview:large, max-video-preview:-1\" \/>\n<link rel=\"canonical\" href=\"https:\/\/btsndrcclementmarot.fr\/\" \/>\n<meta property=\"og:locale\" content=\"fr_FR\" \/>\n<meta property=\"og:type\" content=\"article\" \/>\n<meta property=\"og:title\" content=\"Accueil - Bts NDRC\" \/>\n<meta property=\"og:description\" content=\"Venez d\u00e9velopper vos comp\u00e9tences en n\u00e9gociation et digitalisation de la relation client avec notre BTS NDRC au sein du lyc\u00e9e Cl\u00e9ment Marot.\" \/>\n<meta property=\"og:url\" content=\"https:\/\/btsndrcclementmarot.fr\/\" \/>\n<meta property=\"og:site_name\" content=\"Bts NDRC\" \/>\n<meta property=\"article:modified_time\" content=\"2025-01-28T08:27:45+00:00\" \/>\n<meta property=\"og:image\" content=\"https:\/\/btsndrcclementmarot.fr\/wp-content\/uploads\/2021\/09\/PROFESSIONNELS.png\" \/>\n<meta name=\"twitter:card\" content=\"summary_large_image\" \/>\n<meta name=\"twitter:label1\" content=\"Dur\u00e9e de lecture est.\" \/>\n\t<meta name=\"twitter:data1\" content=\"2 minutes\" \/>\n<script type=\"application\/ld+json\" class=\"yoast-schema-graph\">{\"@context\":\"https:\/\/schema.org\",\"@graph\":[{\"@type\":\"WebSite\",\"@id\":\"https:\/\/btsndrcclementmarot.fr\/#website\",\"url\":\"https:\/\/btsndrcclementmarot.fr\/\",\"name\":\"Bts NDRC\",\"description\":\"Lyc\\u00e9e Cl\\u00e9ment Marot\",\"potentialAction\":[{\"@type\":\"SearchAction\",\"target\":{\"@type\":\"EntryPoint\",\"urlTemplate\":\"https:\/\/btsndrcclementmarot.fr\/?s={search_term_string}\"},\"query-input\":\"required name=search_term_string\"}],\"inLanguage\":\"fr-FR\"},{\"@type\":\"ImageObject\",\"@id\":\"https:\/\/btsndrcclementmarot.fr\/#primaryimage\",\"inLanguage\":\"fr-FR\",\"url\":\"https:\/\/btsndrcclementmarot.fr\/wp-content\/uploads\/2021\/09\/PROFESSIONNELS.png\",\"contentUrl\":\"https:\/\/btsndrcclementmarot.fr\/wp-content\/uploads\/2021\/09\/PROFESSIONNELS.png\",\"width\":535,\"height\":354},{\"@type\":\"WebPage\",\"@id\":\"https:\/\/btsndrcclementmarot.fr\/#webpage\",\"url\":\"https:\/\/btsndrcclementmarot.fr\/\",\"name\":\"Accueil - Bts NDRC\",\"isPartOf\":{\"@id\":\"https:\/\/btsndrcclementmarot.fr\/#website\"},\"primaryImageOfPage\":{\"@id\":\"https:\/\/btsndrcclementmarot.fr\/#primaryimage\"},\"datePublished\":\"2021-09-21T06:14:17+00:00\",\"dateModified\":\"2025-01-28T08:27:45+00:00\",\"description\":\"Venez d\\u00e9velopper vos comp\\u00e9tences en n\\u00e9gociation et digitalisation de la relation client avec notre BTS NDRC au sein du lyc\\u00e9e Cl\\u00e9ment Marot.\",\"breadcrumb\":{\"@id\":\"https:\/\/btsndrcclementmarot.fr\/#breadcrumb\"},\"inLanguage\":\"fr-FR\",\"potentialAction\":[{\"@type\":\"ReadAction\",\"target\":[\"https:\/\/btsndrcclementmarot.fr\/\"]}]},{\"@type\":\"BreadcrumbList\",\"@id\":\"https:\/\/btsndrcclementmarot.fr\/#breadcrumb\",\"itemListElement\":[{\"@type\":\"ListItem\",\"position\":1,\"name\":\"Accueil\",\"item\":\"https:\/\/btsndrcclementmarot.fr\/\"},{\"@type\":\"ListItem\",\"position\":2,\"name\":\"Accueil\"}]}]}<\/script>\n<!-- \/ Yoast SEO plugin. -->","yoast_head_json":{"title":"Accueil - Bts NDRC","description":"Venez d\u00e9velopper vos comp\u00e9tences en n\u00e9gociation et digitalisation de la relation client avec notre BTS NDRC au sein du lyc\u00e9e Cl\u00e9ment Marot.","robots":{"index":"index","follow":"follow","max-snippet":"max-snippet:-1","max-image-preview":"max-image-preview:large","max-video-preview":"max-video-preview:-1"},"canonical":"https:\/\/btsndrcclementmarot.fr\/","og_locale":"fr_FR","og_type":"article","og_title":"Accueil - Bts NDRC","og_description":"Venez d\u00e9velopper vos comp\u00e9tences en n\u00e9gociation et digitalisation de la relation client avec notre BTS NDRC au sein du lyc\u00e9e Cl\u00e9ment Marot.","og_url":"https:\/\/btsndrcclementmarot.fr\/","og_site_name":"Bts NDRC","article_modified_time":"2025-01-28T08:27:45+00:00","og_image":[{"url":"https:\/\/btsndrcclementmarot.fr\/wp-content\/uploads\/2021\/09\/PROFESSIONNELS.png"}],"twitter_card":"summary_large_image","twitter_misc":{"Dur\u00e9e de lecture est.":"2 minutes"},"schema":{"@context":"https:\/\/schema.org","@graph":[{"@type":"WebSite","@id":"https:\/\/btsndrcclementmarot.fr\/#website","url":"https:\/\/btsndrcclementmarot.fr\/","name":"Bts NDRC","description":"Lyc\u00e9e Cl\u00e9ment Marot","potentialAction":[{"@type":"SearchAction","target":{"@type":"EntryPoint","urlTemplate":"https:\/\/btsndrcclementmarot.fr\/?s={search_term_string}"},"query-input":"required name=search_term_string"}],"inLanguage":"fr-FR"},{"@type":"ImageObject","@id":"https:\/\/btsndrcclementmarot.fr\/#primaryimage","inLanguage":"fr-FR","url":"https:\/\/btsndrcclementmarot.fr\/wp-content\/uploads\/2021\/09\/PROFESSIONNELS.png","contentUrl":"https:\/\/btsndrcclementmarot.fr\/wp-content\/uploads\/2021\/09\/PROFESSIONNELS.png","width":535,"height":354},{"@type":"WebPage","@id":"https:\/\/btsndrcclementmarot.fr\/#webpage","url":"https:\/\/btsndrcclementmarot.fr\/","name":"Accueil - Bts NDRC","isPartOf":{"@id":"https:\/\/btsndrcclementmarot.fr\/#website"},"primaryImageOfPage":{"@id":"https:\/\/btsndrcclementmarot.fr\/#primaryimage"},"datePublished":"2021-09-21T06:14:17+00:00","dateModified":"2025-01-28T08:27:45+00:00","description":"Venez d\u00e9velopper vos comp\u00e9tences en n\u00e9gociation et digitalisation de la relation client avec notre BTS NDRC au sein du lyc\u00e9e Cl\u00e9ment Marot.","breadcrumb":{"@id":"https:\/\/btsndrcclementmarot.fr\/#breadcrumb"},"inLanguage":"fr-FR","potentialAction":[{"@type":"ReadAction","target":["https:\/\/btsndrcclementmarot.fr\/"]}]},{"@type":"BreadcrumbList","@id":"https:\/\/btsndrcclementmarot.fr\/#breadcrumb","itemListElement":[{"@type":"ListItem","position":1,"name":"Accueil","item":"https:\/\/btsndrcclementmarot.fr\/"},{"@type":"ListItem","position":2,"name":"Accueil"}]}]}},"_links":{"self":[{"href":"https:\/\/btsndrcclementmarot.fr\/index.php?rest_route=\/wp\/v2\/pages\/93"}],"collection":[{"href":"https:\/\/btsndrcclementmarot.fr\/index.php?rest_route=\/wp\/v2\/pages"}],"about":[{"href":"https:\/\/btsndrcclementmarot.fr\/index.php?rest_route=\/wp\/v2\/types\/page"}],"author":[{"embeddable":true,"href":"https:\/\/btsndrcclementmarot.fr\/index.php?rest_route=\/wp\/v2\/users\/2"}],"replies":[{"embeddable":true,"href":"https:\/\/btsndrcclementmarot.fr\/index.php?rest_route=%2Fwp%2Fv2%2Fcomments&post=93"}],"version-history":[{"count":26,"href":"https:\/\/btsndrcclementmarot.fr\/index.php?rest_route=\/wp\/v2\/pages\/93\/revisions"}],"predecessor-version":[{"id":805,"href":"https:\/\/btsndrcclementmarot.fr\/index.php?rest_route=\/wp\/v2\/pages\/93\/revisions\/805"}],"wp:attachment":[{"href":"https:\/\/btsndrcclementmarot.fr\/index.php?rest_route=%2Fwp%2Fv2%2Fmedia&parent=93"}],"curies":[{"name":"wp","href":"https:\/\/api.w.org\/{rel}","templated":true}]}}