{"id":95,"date":"2021-09-21T08:14:32","date_gmt":"2021-09-21T06:14:32","guid":{"rendered":"https:\/\/btsndrcclementmarot.fr\/?page_id=95"},"modified":"2023-03-27T18:19:38","modified_gmt":"2023-03-27T16:19:38","slug":"contenu-formation-bts-ndrc-competences-professionnelles","status":"publish","type":"page","link":"https:\/\/btsndrcclementmarot.fr\/?page_id=95","title":{"rendered":"Contenu formation"},"content":{"rendered":"\n<h2>Les mati\u00e8res du BTS NDRC<\/h2>\n\n\n\n<p>Que ce soit en formation classique et en alternance , <a href=\"https:\/\/www.bts-ndrc.com\/le-programme\/les-matieres\/\"><strong>vous allez d\u00e9couvrir diff\u00e9rentes mati\u00e8res et comp\u00e9tences  professionnelles <\/strong><\/a>attendues pour r\u00e9ussir.<\/p>\n\n\n\n<p class=\"has-larger-font-size\"><strong><span style=\"color:#a34b00\" class=\"has-inline-color\">MATIERES PROFESSIONNELLES<\/span><\/strong> <\/p>\n\n\n\n<p>en lien avec l&rsquo;<strong>Atelier de Professionnalisation<\/strong>     <\/p>\n\n\n\n<div class=\"is-layout-flex wp-container-4 wp-block-columns\">\n<div class=\"is-layout-flow wp-block-column\" style=\"flex-basis:100%\">\n<div class=\"is-layout-flex wp-container-2 wp-block-columns\">\n<div class=\"is-layout-flow wp-block-column\" style=\"flex-basis:100%\">\n<p class=\"has-drop-cap\"><strong>Relations client et n\u00e9gociation-vente.<\/strong><\/p>\n\n\n\n<p>Vous allez apprendre le coeur du m\u00e9tier avec les comp\u00e9tences cl\u00e9s suivantes:Cibler et prospecter la client\u00e8le : <\/p>\n\n\n\n<p>&#8211; Cibler et prospecter la client\u00e8le<br>&#8211; N\u00e9gocier et accompagner la relation client<br>&#8211; Organiser et animer un \u00e9v\u00e8nement commercial<br>&#8211; Exploiter et mutualiser l\u2019information commerciale<\/p>\n<\/div>\n<\/div>\n<\/div>\n<\/div>\n\n\n\n<p class=\"has-drop-cap\"><strong>Relations client et digitalisation<\/strong> : vous pourrez ainsi optimiser l&rsquo;exp\u00e9rience client en d\u00e9veloppant les comp\u00e9tences suivantes : <\/p>\n\n\n\n<p><mark style=\"background-color:rgba(0, 0, 0, 0)\" class=\"has-inline-color has-accent-color\">Animer la relation client digitale<\/mark><br>&#8211; Produire, publier et assurer la visibilit\u00e9 des contenus digitaux<br>&#8211; Impulser, entretenir et r\u00e9guler une dynamique e-relationnelle<br><mark style=\"background-color:rgba(0, 0, 0, 0)\" class=\"has-inline-color has-accent-color\">D\u00e9velopper la relation client en e-commerce<\/mark><br>&#8211; Dynamiser un site de e-commerce<br>&#8211; Faciliter et s\u00e9curiser la relation commerciale<br>&#8211; Diagnostiquer l\u2019activit\u00e9 de e-commerce<\/p>\n\n\n\n<p><\/p>\n\n\n\n<p class=\"has-drop-cap\"><strong>Animations r\u00e9seaux. <\/strong>le m\u00e9tier commercial \u00e9volue avec les comp\u00e9tences suivantes attendues: <\/p>\n\n\n\n<p>&#8211; Implanter et promouvoir l\u2019offre chez des distributeurs<br>&#8211; D\u00e9velopper et piloter un r\u00e9seau de partenaires<br>&#8211; Cr\u00e9er et animer un r\u00e9seau de vente directe<\/p>\n\n\n\n<div class=\"is-layout-flex wp-container-16 wp-block-columns\">\n<div class=\"is-layout-flow wp-block-column is-vertically-aligned-center has-subtle-background-background-color has-background\" style=\"flex-basis:200%\">\n<div class=\"is-layout-flow wp-block-group\"><div class=\"wp-block-group__inner-container\">\n<div class=\"is-layout-flow wp-block-group\"><div class=\"wp-block-group__inner-container\">\n<div class=\"is-layout-flex wp-container-12 wp-block-columns\">\n<div class=\"is-layout-flow wp-block-column\" style=\"flex-basis:150%\">\n<div class=\"is-layout-flow wp-block-group\"><div class=\"wp-block-group__inner-container\">\n<div class=\"is-layout-flex wp-container-9 wp-block-columns\">\n<div class=\"is-layout-flow wp-block-column has-small-font-size\" style=\"flex-basis:100%\">\n<div class=\"is-layout-constrained wp-block-group\"><div class=\"wp-block-group__inner-container\">\n<div class=\"is-layout-flex wp-container-6 wp-block-columns\">\n<div class=\"is-layout-flow wp-block-column is-vertically-aligned-bottom\" style=\"flex-basis:100%\">\n<h2 class=\"alignwide has-text-align-center has-small-font-size\"><strong><mark style=\"background-color:rgba(0, 0, 0, 0);color:#a33500\" class=\"has-inline-color\">MATIERES <\/mark><\/strong><mark style=\"background-color:rgba(0, 0, 0, 0);color:#a33500\" class=\"has-inline-color\"><strong>GENE<\/strong><\/mark><mark style=\"background-color:rgba(0, 0, 0, 0);color:#a34200\" class=\"has-inline-color\"><strong>RALES<\/strong> <\/mark>             <img decoding=\"async\" loading=\"lazy\" width=\"1920\" height=\"1280\" class=\"wp-image-317\" style=\"width: 150px;\" src=\"https:\/\/btsndrcclementmarot.fr\/wp-content\/uploads\/2021\/09\/desktop-1155613_1920.jpg\" alt=\"\" srcset=\"https:\/\/btsndrcclementmarot.fr\/wp-content\/uploads\/2021\/09\/desktop-1155613_1920.jpg 1920w, https:\/\/btsndrcclementmarot.fr\/wp-content\/uploads\/2021\/09\/desktop-1155613_1920-300x200.jpg 300w, https:\/\/btsndrcclementmarot.fr\/wp-content\/uploads\/2021\/09\/desktop-1155613_1920-1024x683.jpg 1024w, https:\/\/btsndrcclementmarot.fr\/wp-content\/uploads\/2021\/09\/desktop-1155613_1920-768x512.jpg 768w, https:\/\/btsndrcclementmarot.fr\/wp-content\/uploads\/2021\/09\/desktop-1155613_1920-1536x1024.jpg 1536w, https:\/\/btsndrcclementmarot.fr\/wp-content\/uploads\/2021\/09\/desktop-1155613_1920-1200x800.jpg 1200w\" sizes=\"(max-width: 1920px) 100vw, 1920px\" \/><\/h2>\n\n\n\n<p>&#8211; Culture g\u00e9n\u00e9rale et Expression.<\/p>\n\n\n\n<p>&#8211; <a href=\"https:\/\/www.legifrance.gouv.fr\/loda\/id\/JORFTEXT000036672082\" target=\"_blank\" rel=\"noreferrer noopener\">Cultures \u00e9conomiques, juridiques et manag\u00e9riales<\/a> : CEJM<\/p>\n\n\n\n<p>&#8211; Les mati\u00e8res appliqu\u00e9es relatives aux cultures \u00e9conomiques, juridiques et manag\u00e9riales ou CEJM Appliqu\u00e9e.<\/p>\n<\/div>\n<\/div>\n<\/div><\/div>\n<\/div>\n<\/div>\n<\/div><\/div>\n<\/div>\n<\/div>\n<\/div><\/div>\n<\/div><\/div>\n<\/div>\n<\/div>\n\n\n\n<ul><\/ul>\n\n\n\n<p><\/p>\n","protected":false},"excerpt":{"rendered":"<p>Les mati\u00e8res du BTS NDRC Que ce soit en formation classique et en alternance , vous allez d\u00e9couvrir diff\u00e9rentes mati\u00e8res et comp\u00e9tences professionnelles attendues pour r\u00e9ussir. MATIERES PROFESSIONNELLES en lien avec l&rsquo;Atelier de Professionnalisation Relations client et n\u00e9gociation-vente. Vous allez apprendre le coeur du m\u00e9tier avec les comp\u00e9tences cl\u00e9s suivantes:Cibler et prospecter la client\u00e8le : [&hellip;]<\/p>\n","protected":false},"author":1,"featured_media":11,"parent":0,"menu_order":0,"comment_status":"closed","ping_status":"closed","template":"","meta":[],"yoast_head":"<!-- This site is optimized with the Yoast SEO plugin v17.1 - https:\/\/yoast.com\/wordpress\/plugins\/seo\/ -->\n<title>Contenu formation - Bts NDRC<\/title>\n<meta name=\"description\" content=\"Vous trouverez le contenu de la formation BTS NDRC avec les mati\u00e8res et comp\u00e9tences professionnelles et g\u00e9n\u00e9rales attendues pour r\u00e9ussir.\" \/>\n<meta name=\"robots\" content=\"index, follow, max-snippet:-1, max-image-preview:large, max-video-preview:-1\" \/>\n<link rel=\"canonical\" href=\"https:\/\/btsndrcclementmarot.fr\/?page_id=95\" \/>\n<meta property=\"og:locale\" content=\"fr_FR\" \/>\n<meta property=\"og:type\" content=\"article\" \/>\n<meta property=\"og:title\" content=\"Contenu formation - Bts NDRC\" \/>\n<meta property=\"og:description\" content=\"Vous trouverez le contenu de la formation BTS NDRC avec les mati\u00e8res et comp\u00e9tences professionnelles et g\u00e9n\u00e9rales attendues pour r\u00e9ussir.\" \/>\n<meta property=\"og:url\" content=\"https:\/\/btsndrcclementmarot.fr\/?page_id=95\" \/>\n<meta property=\"og:site_name\" content=\"Bts NDRC\" \/>\n<meta property=\"article:modified_time\" content=\"2023-03-27T16:19:38+00:00\" \/>\n<meta property=\"og:image\" content=\"https:\/\/btsndrcclementmarot.fr\/wp-content\/uploads\/2021\/09\/PHOTO-COMMERCIAUX.png\" \/>\n\t<meta property=\"og:image:width\" content=\"1194\" \/>\n\t<meta property=\"og:image:height\" content=\"710\" \/>\n<meta name=\"twitter:card\" content=\"summary_large_image\" \/>\n<meta name=\"twitter:label1\" content=\"Dur\u00e9e de lecture est.\" \/>\n\t<meta name=\"twitter:data1\" content=\"2 minutes\" \/>\n<script type=\"application\/ld+json\" class=\"yoast-schema-graph\">{\"@context\":\"https:\/\/schema.org\",\"@graph\":[{\"@type\":\"WebSite\",\"@id\":\"https:\/\/btsndrcclementmarot.fr\/#website\",\"url\":\"https:\/\/btsndrcclementmarot.fr\/\",\"name\":\"Bts NDRC\",\"description\":\"Lyc\\u00e9e Cl\\u00e9ment Marot\",\"potentialAction\":[{\"@type\":\"SearchAction\",\"target\":{\"@type\":\"EntryPoint\",\"urlTemplate\":\"https:\/\/btsndrcclementmarot.fr\/?s={search_term_string}\"},\"query-input\":\"required name=search_term_string\"}],\"inLanguage\":\"fr-FR\"},{\"@type\":\"ImageObject\",\"@id\":\"https:\/\/btsndrcclementmarot.fr\/?page_id=95#primaryimage\",\"inLanguage\":\"fr-FR\",\"url\":\"https:\/\/btsndrcclementmarot.fr\/wp-content\/uploads\/2021\/09\/PHOTO-COMMERCIAUX.png\",\"contentUrl\":\"https:\/\/btsndrcclementmarot.fr\/wp-content\/uploads\/2021\/09\/PHOTO-COMMERCIAUX.png\",\"width\":1194,\"height\":710},{\"@type\":\"WebPage\",\"@id\":\"https:\/\/btsndrcclementmarot.fr\/?page_id=95#webpage\",\"url\":\"https:\/\/btsndrcclementmarot.fr\/?page_id=95\",\"name\":\"Contenu formation - Bts NDRC\",\"isPartOf\":{\"@id\":\"https:\/\/btsndrcclementmarot.fr\/#website\"},\"primaryImageOfPage\":{\"@id\":\"https:\/\/btsndrcclementmarot.fr\/?page_id=95#primaryimage\"},\"datePublished\":\"2021-09-21T06:14:32+00:00\",\"dateModified\":\"2023-03-27T16:19:38+00:00\",\"description\":\"Vous trouverez le contenu de la formation BTS NDRC avec les mati\\u00e8res et comp\\u00e9tences professionnelles et g\\u00e9n\\u00e9rales attendues pour r\\u00e9ussir.\",\"breadcrumb\":{\"@id\":\"https:\/\/btsndrcclementmarot.fr\/?page_id=95#breadcrumb\"},\"inLanguage\":\"fr-FR\",\"potentialAction\":[{\"@type\":\"ReadAction\",\"target\":[\"https:\/\/btsndrcclementmarot.fr\/?page_id=95\"]}]},{\"@type\":\"BreadcrumbList\",\"@id\":\"https:\/\/btsndrcclementmarot.fr\/?page_id=95#breadcrumb\",\"itemListElement\":[{\"@type\":\"ListItem\",\"position\":1,\"name\":\"Accueil\",\"item\":\"https:\/\/btsndrcclementmarot.fr\/\"},{\"@type\":\"ListItem\",\"position\":2,\"name\":\"Contenu formation\"}]}]}<\/script>\n<!-- \/ Yoast SEO plugin. -->","yoast_head_json":{"title":"Contenu formation - Bts NDRC","description":"Vous trouverez le contenu de la formation BTS NDRC avec les mati\u00e8res et comp\u00e9tences professionnelles et g\u00e9n\u00e9rales attendues pour r\u00e9ussir.","robots":{"index":"index","follow":"follow","max-snippet":"max-snippet:-1","max-image-preview":"max-image-preview:large","max-video-preview":"max-video-preview:-1"},"canonical":"https:\/\/btsndrcclementmarot.fr\/?page_id=95","og_locale":"fr_FR","og_type":"article","og_title":"Contenu formation - Bts NDRC","og_description":"Vous trouverez le contenu de la formation BTS NDRC avec les mati\u00e8res et comp\u00e9tences professionnelles et g\u00e9n\u00e9rales attendues pour r\u00e9ussir.","og_url":"https:\/\/btsndrcclementmarot.fr\/?page_id=95","og_site_name":"Bts NDRC","article_modified_time":"2023-03-27T16:19:38+00:00","og_image":[{"width":1194,"height":710,"url":"https:\/\/btsndrcclementmarot.fr\/wp-content\/uploads\/2021\/09\/PHOTO-COMMERCIAUX.png","path":"\/home\/btsndrr\/www\/wp-content\/uploads\/2021\/09\/PHOTO-COMMERCIAUX.png","size":"full","id":11,"alt":"","pixels":847740,"type":"image\/png"}],"twitter_card":"summary_large_image","twitter_misc":{"Dur\u00e9e de lecture est.":"2 minutes"},"schema":{"@context":"https:\/\/schema.org","@graph":[{"@type":"WebSite","@id":"https:\/\/btsndrcclementmarot.fr\/#website","url":"https:\/\/btsndrcclementmarot.fr\/","name":"Bts NDRC","description":"Lyc\u00e9e Cl\u00e9ment Marot","potentialAction":[{"@type":"SearchAction","target":{"@type":"EntryPoint","urlTemplate":"https:\/\/btsndrcclementmarot.fr\/?s={search_term_string}"},"query-input":"required name=search_term_string"}],"inLanguage":"fr-FR"},{"@type":"ImageObject","@id":"https:\/\/btsndrcclementmarot.fr\/?page_id=95#primaryimage","inLanguage":"fr-FR","url":"https:\/\/btsndrcclementmarot.fr\/wp-content\/uploads\/2021\/09\/PHOTO-COMMERCIAUX.png","contentUrl":"https:\/\/btsndrcclementmarot.fr\/wp-content\/uploads\/2021\/09\/PHOTO-COMMERCIAUX.png","width":1194,"height":710},{"@type":"WebPage","@id":"https:\/\/btsndrcclementmarot.fr\/?page_id=95#webpage","url":"https:\/\/btsndrcclementmarot.fr\/?page_id=95","name":"Contenu formation - Bts NDRC","isPartOf":{"@id":"https:\/\/btsndrcclementmarot.fr\/#website"},"primaryImageOfPage":{"@id":"https:\/\/btsndrcclementmarot.fr\/?page_id=95#primaryimage"},"datePublished":"2021-09-21T06:14:32+00:00","dateModified":"2023-03-27T16:19:38+00:00","description":"Vous trouverez le contenu de la formation BTS NDRC avec les mati\u00e8res et comp\u00e9tences professionnelles et g\u00e9n\u00e9rales attendues pour r\u00e9ussir.","breadcrumb":{"@id":"https:\/\/btsndrcclementmarot.fr\/?page_id=95#breadcrumb"},"inLanguage":"fr-FR","potentialAction":[{"@type":"ReadAction","target":["https:\/\/btsndrcclementmarot.fr\/?page_id=95"]}]},{"@type":"BreadcrumbList","@id":"https:\/\/btsndrcclementmarot.fr\/?page_id=95#breadcrumb","itemListElement":[{"@type":"ListItem","position":1,"name":"Accueil","item":"https:\/\/btsndrcclementmarot.fr\/"},{"@type":"ListItem","position":2,"name":"Contenu formation"}]}]}},"_links":{"self":[{"href":"https:\/\/btsndrcclementmarot.fr\/index.php?rest_route=\/wp\/v2\/pages\/95"}],"collection":[{"href":"https:\/\/btsndrcclementmarot.fr\/index.php?rest_route=\/wp\/v2\/pages"}],"about":[{"href":"https:\/\/btsndrcclementmarot.fr\/index.php?rest_route=\/wp\/v2\/types\/page"}],"author":[{"embeddable":true,"href":"https:\/\/btsndrcclementmarot.fr\/index.php?rest_route=\/wp\/v2\/users\/1"}],"replies":[{"embeddable":true,"href":"https:\/\/btsndrcclementmarot.fr\/index.php?rest_route=%2Fwp%2Fv2%2Fcomments&post=95"}],"version-history":[{"count":26,"href":"https:\/\/btsndrcclementmarot.fr\/index.php?rest_route=\/wp\/v2\/pages\/95\/revisions"}],"predecessor-version":[{"id":683,"href":"https:\/\/btsndrcclementmarot.fr\/index.php?rest_route=\/wp\/v2\/pages\/95\/revisions\/683"}],"wp:featuredmedia":[{"embeddable":true,"href":"https:\/\/btsndrcclementmarot.fr\/index.php?rest_route=\/wp\/v2\/media\/11"}],"wp:attachment":[{"href":"https:\/\/btsndrcclementmarot.fr\/index.php?rest_route=%2Fwp%2Fv2%2Fmedia&parent=95"}],"curies":[{"name":"wp","href":"https:\/\/api.w.org\/{rel}","templated":true}]}}