{"id":97,"date":"2021-09-21T08:14:51","date_gmt":"2021-09-21T06:14:51","guid":{"rendered":"https:\/\/btsndrcclementmarot.fr\/?page_id=97"},"modified":"2023-01-31T18:49:24","modified_gmt":"2023-01-31T17:49:24","slug":"challenges","status":"publish","type":"page","link":"https:\/\/btsndrcclementmarot.fr\/?page_id=97","title":{"rendered":"\u00c9v\u00e9nements"},"content":{"rendered":"\n<p>Suivez notre actu : <a href=\"https:\/\/btsndrcclementmarot.fr\/?page_id=507\">s\u00e9minaires d&rsquo;int\u00e9grations<\/a> &#8211; stages dating &#8211; actualit\u00e9s<\/p>\n","protected":false},"excerpt":{"rendered":"<p>Suivez notre actu : s\u00e9minaires d&rsquo;int\u00e9grations &#8211; stages dating &#8211; actualit\u00e9s<\/p>\n","protected":false},"author":1,"featured_media":0,"parent":0,"menu_order":0,"comment_status":"closed","ping_status":"closed","template":"","meta":[],"yoast_head":"<!-- This site is optimized with the Yoast SEO plugin v17.1 - https:\/\/yoast.com\/wordpress\/plugins\/seo\/ -->\n<title>\u00c9v\u00e9nements - Bts NDRC<\/title>\n<meta name=\"robots\" content=\"index, follow, max-snippet:-1, max-image-preview:large, max-video-preview:-1\" \/>\n<link rel=\"canonical\" href=\"https:\/\/btsndrcclementmarot.fr\/?page_id=97\" \/>\n<meta property=\"og:locale\" content=\"fr_FR\" \/>\n<meta property=\"og:type\" content=\"article\" \/>\n<meta property=\"og:title\" content=\"\u00c9v\u00e9nements - Bts NDRC\" \/>\n<meta property=\"og:description\" content=\"Suivez notre actu : s\u00e9minaires d&rsquo;int\u00e9grations &#8211; stages dating &#8211; actualit\u00e9s\" \/>\n<meta property=\"og:url\" content=\"https:\/\/btsndrcclementmarot.fr\/?page_id=97\" \/>\n<meta property=\"og:site_name\" content=\"Bts NDRC\" \/>\n<meta property=\"article:modified_time\" content=\"2023-01-31T17:49:24+00:00\" \/>\n<meta name=\"twitter:card\" content=\"summary_large_image\" \/>\n<meta name=\"twitter:label1\" content=\"Dur\u00e9e de lecture est.\" \/>\n\t<meta name=\"twitter:data1\" content=\"1 minute\" \/>\n<script type=\"application\/ld+json\" class=\"yoast-schema-graph\">{\"@context\":\"https:\/\/schema.org\",\"@graph\":[{\"@type\":\"WebSite\",\"@id\":\"https:\/\/btsndrcclementmarot.fr\/#website\",\"url\":\"https:\/\/btsndrcclementmarot.fr\/\",\"name\":\"Bts NDRC\",\"description\":\"Lyc\\u00e9e Cl\\u00e9ment Marot\",\"potentialAction\":[{\"@type\":\"SearchAction\",\"target\":{\"@type\":\"EntryPoint\",\"urlTemplate\":\"https:\/\/btsndrcclementmarot.fr\/?s={search_term_string}\"},\"query-input\":\"required name=search_term_string\"}],\"inLanguage\":\"fr-FR\"},{\"@type\":\"WebPage\",\"@id\":\"https:\/\/btsndrcclementmarot.fr\/?page_id=97#webpage\",\"url\":\"https:\/\/btsndrcclementmarot.fr\/?page_id=97\",\"name\":\"\\u00c9v\\u00e9nements - Bts NDRC\",\"isPartOf\":{\"@id\":\"https:\/\/btsndrcclementmarot.fr\/#website\"},\"datePublished\":\"2021-09-21T06:14:51+00:00\",\"dateModified\":\"2023-01-31T17:49:24+00:00\",\"breadcrumb\":{\"@id\":\"https:\/\/btsndrcclementmarot.fr\/?page_id=97#breadcrumb\"},\"inLanguage\":\"fr-FR\",\"potentialAction\":[{\"@type\":\"ReadAction\",\"target\":[\"https:\/\/btsndrcclementmarot.fr\/?page_id=97\"]}]},{\"@type\":\"BreadcrumbList\",\"@id\":\"https:\/\/btsndrcclementmarot.fr\/?page_id=97#breadcrumb\",\"itemListElement\":[{\"@type\":\"ListItem\",\"position\":1,\"name\":\"Accueil\",\"item\":\"https:\/\/btsndrcclementmarot.fr\/\"},{\"@type\":\"ListItem\",\"position\":2,\"name\":\"\\u00c9v\\u00e9nements\"}]}]}<\/script>\n<!-- \/ Yoast SEO plugin. -->","yoast_head_json":{"title":"\u00c9v\u00e9nements - Bts NDRC","robots":{"index":"index","follow":"follow","max-snippet":"max-snippet:-1","max-image-preview":"max-image-preview:large","max-video-preview":"max-video-preview:-1"},"canonical":"https:\/\/btsndrcclementmarot.fr\/?page_id=97","og_locale":"fr_FR","og_type":"article","og_title":"\u00c9v\u00e9nements - Bts NDRC","og_description":"Suivez notre actu : s\u00e9minaires d&rsquo;int\u00e9grations &#8211; stages dating &#8211; actualit\u00e9s","og_url":"https:\/\/btsndrcclementmarot.fr\/?page_id=97","og_site_name":"Bts NDRC","article_modified_time":"2023-01-31T17:49:24+00:00","twitter_card":"summary_large_image","twitter_misc":{"Dur\u00e9e de lecture est.":"1 minute"},"schema":{"@context":"https:\/\/schema.org","@graph":[{"@type":"WebSite","@id":"https:\/\/btsndrcclementmarot.fr\/#website","url":"https:\/\/btsndrcclementmarot.fr\/","name":"Bts NDRC","description":"Lyc\u00e9e Cl\u00e9ment Marot","potentialAction":[{"@type":"SearchAction","target":{"@type":"EntryPoint","urlTemplate":"https:\/\/btsndrcclementmarot.fr\/?s={search_term_string}"},"query-input":"required name=search_term_string"}],"inLanguage":"fr-FR"},{"@type":"WebPage","@id":"https:\/\/btsndrcclementmarot.fr\/?page_id=97#webpage","url":"https:\/\/btsndrcclementmarot.fr\/?page_id=97","name":"\u00c9v\u00e9nements - Bts NDRC","isPartOf":{"@id":"https:\/\/btsndrcclementmarot.fr\/#website"},"datePublished":"2021-09-21T06:14:51+00:00","dateModified":"2023-01-31T17:49:24+00:00","breadcrumb":{"@id":"https:\/\/btsndrcclementmarot.fr\/?page_id=97#breadcrumb"},"inLanguage":"fr-FR","potentialAction":[{"@type":"ReadAction","target":["https:\/\/btsndrcclementmarot.fr\/?page_id=97"]}]},{"@type":"BreadcrumbList","@id":"https:\/\/btsndrcclementmarot.fr\/?page_id=97#breadcrumb","itemListElement":[{"@type":"ListItem","position":1,"name":"Accueil","item":"https:\/\/btsndrcclementmarot.fr\/"},{"@type":"ListItem","position":2,"name":"\u00c9v\u00e9nements"}]}]}},"_links":{"self":[{"href":"https:\/\/btsndrcclementmarot.fr\/index.php?rest_route=\/wp\/v2\/pages\/97"}],"collection":[{"href":"https:\/\/btsndrcclementmarot.fr\/index.php?rest_route=\/wp\/v2\/pages"}],"about":[{"href":"https:\/\/btsndrcclementmarot.fr\/index.php?rest_route=\/wp\/v2\/types\/page"}],"author":[{"embeddable":true,"href":"https:\/\/btsndrcclementmarot.fr\/index.php?rest_route=\/wp\/v2\/users\/1"}],"replies":[{"embeddable":true,"href":"https:\/\/btsndrcclementmarot.fr\/index.php?rest_route=%2Fwp%2Fv2%2Fcomments&post=97"}],"version-history":[{"count":5,"href":"https:\/\/btsndrcclementmarot.fr\/index.php?rest_route=\/wp\/v2\/pages\/97\/revisions"}],"predecessor-version":[{"id":517,"href":"https:\/\/btsndrcclementmarot.fr\/index.php?rest_route=\/wp\/v2\/pages\/97\/revisions\/517"}],"wp:attachment":[{"href":"https:\/\/btsndrcclementmarot.fr\/index.php?rest_route=%2Fwp%2Fv2%2Fmedia&parent=97"}],"curies":[{"name":"wp","href":"https:\/\/api.w.org\/{rel}","templated":true}]}}